{"id":9094,"date":"2026-03-04T09:30:09","date_gmt":"2026-03-04T09:30:09","guid":{"rendered":"https:\/\/erikemiranda.com\/?post_type=product&#038;p=9094"},"modified":"2026-03-10T05:55:38","modified_gmt":"2026-03-10T05:55:38","slug":"sketchbook-stratus","status":"publish","type":"product","link":"https:\/\/erikemiranda.com\/pt\/produto\/sketchbook-stratus\/","title":{"rendered":"Stratus"},"content":{"rendered":"<p style=\"text-align: center;\">The Sketchbook Stratus is the model designed for those who want a experience to write it vertically. We offer a wide range of colors, continually expanding as we discover more possibilities from suppliers. We exclusively use synthetic leather purchased from local suppliers.<\/p>\n<p style=\"text-align: center;\"><img fetchpriority=\"high\" decoding=\"async\" class=\"aligncenter wp-image-6723\" src=\"https:\/\/erikemiranda.com\/wp-content\/uploads\/2023\/12\/Foto_1-1000x485-1-300x146.jpg\" alt=\"\" width=\"700\" height=\"340\" srcset=\"https:\/\/erikemiranda.com\/wp-content\/uploads\/2023\/12\/Foto_1-1000x485-1-300x146.jpg 300w, https:\/\/erikemiranda.com\/wp-content\/uploads\/2023\/12\/Foto_1-1000x485-1-700x340.jpg 700w, https:\/\/erikemiranda.com\/wp-content\/uploads\/2023\/12\/Foto_1-1000x485-1-768x372.jpg 768w, https:\/\/erikemiranda.com\/wp-content\/uploads\/2023\/12\/Foto_1-1000x485-1-500x243.jpg 500w, https:\/\/erikemiranda.com\/wp-content\/uploads\/2023\/12\/Foto_1-1000x485-1-800x388.jpg 800w, https:\/\/erikemiranda.com\/wp-content\/uploads\/2023\/12\/Foto_1-1000x485-1.jpg 1000w\" sizes=\"(max-width: 700px) 100vw, 700px\" \/><em>Acima: representa\u00e7\u00e3o das linhas usadas.<\/em><\/p>\n<p style=\"text-align: center;\">Acompanha 100 p\u00e1ginas de papel premium encadernado atrav\u00e9s de el\u00e1sticos que permitem a reposi\u00e7\u00e3o de folhas e reduz a press\u00e3o e ansiedade na hora de utilizar as sketchbook. As linhas utilizadas s\u00e3o enceradas que aumenta a durabilidade das tramas, costuras e n\u00f3s.<\/p>\n<p style=\"text-align: center;\"><img decoding=\"async\" class=\"aligncenter wp-image-6724\" src=\"https:\/\/erikemiranda.com\/wp-content\/uploads\/2023\/12\/IMG20220410131953-01-1000x451-1-300x135.jpeg\" alt=\"\" width=\"700\" height=\"316\" srcset=\"https:\/\/erikemiranda.com\/wp-content\/uploads\/2023\/12\/IMG20220410131953-01-1000x451-1-300x135.jpeg 300w, https:\/\/erikemiranda.com\/wp-content\/uploads\/2023\/12\/IMG20220410131953-01-1000x451-1-700x316.jpeg 700w, https:\/\/erikemiranda.com\/wp-content\/uploads\/2023\/12\/IMG20220410131953-01-1000x451-1-768x346.jpeg 768w, https:\/\/erikemiranda.com\/wp-content\/uploads\/2023\/12\/IMG20220410131953-01-1000x451-1-500x226.jpeg 500w, https:\/\/erikemiranda.com\/wp-content\/uploads\/2023\/12\/IMG20220410131953-01-1000x451-1-800x361.jpeg 800w, https:\/\/erikemiranda.com\/wp-content\/uploads\/2023\/12\/IMG20220410131953-01-1000x451-1.jpeg 1000w\" sizes=\"(max-width: 700px) 100vw, 700px\" \/><em>Acima: as cores dispon\u00edveis.<\/em><\/p>\n<p style=\"text-align: center;\">Possui sistema de 5 bandas de el\u00e1stico para segurar os cadernos internos. Possui garantia direta comigo para defeito de fabrica\u00e7\u00e3o. Se existe alguma ideia que tenha que possamos implementar e n\u00e3o est\u00e3o nas op\u00e7\u00f5es, basta entrar em contato.<\/p>","protected":false},"excerpt":{"rendered":"<p>A vertical synthetic leather sketchbook.<\/p>\n<p>Produto sob encomenda, prazo de confec\u00e7\u00e3o em at\u00e9 7 dias corridos e postagem no dia \u00fatil seguinte. A produ\u00e7\u00e3o \u00e9 feita sob o constante feedback do cliente em cada passo.<\/p>","protected":false},"featured_media":9115,"comment_status":"open","ping_status":"closed","template":"","meta":{"_vp_format_video_url":"","_vp_image_focal_point":[]},"product_cat":[52],"product_tag":[],"class_list":{"0":"post-9094","1":"product","2":"type-product","3":"status-publish","4":"has-post-thumbnail","6":"product_cat-sketchbook","8":"first","9":"instock","10":"shipping-taxable","11":"purchasable","12":"product-type-variable"},"acf":[],"yoast_head":"<!-- This site is optimized with the Yoast SEO plugin v27.5 - https:\/\/yoast.com\/product\/yoast-seo-wordpress\/ -->\n<title>Stratus - Erike Miranda<\/title>\n<meta name=\"robots\" content=\"index, follow, max-snippet:-1, max-image-preview:large, max-video-preview:-1\" \/>\n<link rel=\"canonical\" href=\"https:\/\/erikemiranda.com\/pt\/produto\/sketchbook-stratus\/\" \/>\n<meta property=\"og:locale\" content=\"pt_BR\" \/>\n<meta property=\"og:type\" content=\"article\" \/>\n<meta property=\"og:title\" content=\"Stratus - Erike Miranda\" \/>\n<meta property=\"og:description\" content=\"A vertical synthetic leather sketchbook.  Made to order, production time within 7 business days with shipping on the next business day. Production is carried out with constant customer feedback at each step.\" \/>\n<meta property=\"og:url\" content=\"https:\/\/erikemiranda.com\/pt\/produto\/sketchbook-stratus\/\" \/>\n<meta property=\"og:site_name\" content=\"Erike Miranda\" \/>\n<meta property=\"article:publisher\" content=\"erikemiranda\" \/>\n<meta property=\"article:modified_time\" content=\"2026-03-10T05:55:38+00:00\" \/>\n<meta property=\"og:image\" content=\"https:\/\/erikemiranda.com\/wp-content\/uploads\/2026\/03\/1-1.jpg\" \/>\n\t<meta property=\"og:image:width\" content=\"1080\" \/>\n\t<meta property=\"og:image:height\" content=\"1920\" \/>\n\t<meta property=\"og:image:type\" content=\"image\/jpeg\" \/>\n<meta name=\"twitter:card\" content=\"summary_large_image\" \/>\n<meta name=\"twitter:label1\" content=\"Est. tempo de leitura\" \/>\n\t<meta name=\"twitter:data1\" content=\"2 minutos\" \/>\n<script type=\"application\/ld+json\" class=\"yoast-schema-graph\">{\"@context\":\"https:\\\/\\\/schema.org\",\"@graph\":[{\"@type\":\"WebPage\",\"@id\":\"https:\\\/\\\/erikemiranda.com\\\/product\\\/sketchbook-stratus\\\/\",\"url\":\"https:\\\/\\\/erikemiranda.com\\\/product\\\/sketchbook-stratus\\\/\",\"name\":\"Stratus - Erike Miranda\",\"isPartOf\":{\"@id\":\"https:\\\/\\\/erikemiranda.com\\\/#website\"},\"primaryImageOfPage\":{\"@id\":\"https:\\\/\\\/erikemiranda.com\\\/product\\\/sketchbook-stratus\\\/#primaryimage\"},\"image\":{\"@id\":\"https:\\\/\\\/erikemiranda.com\\\/product\\\/sketchbook-stratus\\\/#primaryimage\"},\"thumbnailUrl\":\"https:\\\/\\\/erikemiranda.com\\\/wp-content\\\/uploads\\\/2026\\\/03\\\/1-1.jpg\",\"datePublished\":\"2026-03-04T09:30:09+00:00\",\"dateModified\":\"2026-03-10T05:55:38+00:00\",\"breadcrumb\":{\"@id\":\"https:\\\/\\\/erikemiranda.com\\\/product\\\/sketchbook-stratus\\\/#breadcrumb\"},\"inLanguage\":\"pt-BR\",\"potentialAction\":[{\"@type\":\"ReadAction\",\"target\":[\"https:\\\/\\\/erikemiranda.com\\\/product\\\/sketchbook-stratus\\\/\"]}]},{\"@type\":\"ImageObject\",\"inLanguage\":\"pt-BR\",\"@id\":\"https:\\\/\\\/erikemiranda.com\\\/product\\\/sketchbook-stratus\\\/#primaryimage\",\"url\":\"https:\\\/\\\/erikemiranda.com\\\/wp-content\\\/uploads\\\/2026\\\/03\\\/1-1.jpg\",\"contentUrl\":\"https:\\\/\\\/erikemiranda.com\\\/wp-content\\\/uploads\\\/2026\\\/03\\\/1-1.jpg\",\"width\":1080,\"height\":1920},{\"@type\":\"BreadcrumbList\",\"@id\":\"https:\\\/\\\/erikemiranda.com\\\/product\\\/sketchbook-stratus\\\/#breadcrumb\",\"itemListElement\":[{\"@type\":\"ListItem\",\"position\":1,\"name\":\"Home\",\"item\":\"https:\\\/\\\/erikemiranda.com\\\/\"},{\"@type\":\"ListItem\",\"position\":2,\"name\":\"Shop\",\"item\":\"https:\\\/\\\/erikemiranda.com\\\/shop_2\\\/\"},{\"@type\":\"ListItem\",\"position\":3,\"name\":\"Stratus\"}]},{\"@type\":\"WebSite\",\"@id\":\"https:\\\/\\\/erikemiranda.com\\\/#website\",\"url\":\"https:\\\/\\\/erikemiranda.com\\\/\",\"name\":\"Erike Miranda\",\"description\":\"\",\"publisher\":{\"@id\":\"https:\\\/\\\/erikemiranda.com\\\/#\\\/schema\\\/person\\\/a75b6290c8efb2a8a6067f7feabd97d5\"},\"potentialAction\":[{\"@type\":\"SearchAction\",\"target\":{\"@type\":\"EntryPoint\",\"urlTemplate\":\"https:\\\/\\\/erikemiranda.com\\\/?s={search_term_string}\"},\"query-input\":{\"@type\":\"PropertyValueSpecification\",\"valueRequired\":true,\"valueName\":\"search_term_string\"}}],\"inLanguage\":\"pt-BR\"},{\"@type\":[\"Person\",\"Organization\"],\"@id\":\"https:\\\/\\\/erikemiranda.com\\\/#\\\/schema\\\/person\\\/a75b6290c8efb2a8a6067f7feabd97d5\",\"name\":\"Erike Miranda\",\"image\":{\"@type\":\"ImageObject\",\"inLanguage\":\"pt-BR\",\"@id\":\"https:\\\/\\\/erikemiranda.com\\\/wp-content\\\/uploads\\\/2023\\\/12\\\/White_.jpg\",\"url\":\"https:\\\/\\\/erikemiranda.com\\\/wp-content\\\/uploads\\\/2023\\\/12\\\/White_.jpg\",\"contentUrl\":\"https:\\\/\\\/erikemiranda.com\\\/wp-content\\\/uploads\\\/2023\\\/12\\\/White_.jpg\",\"width\":1000,\"height\":1000,\"caption\":\"Erike Miranda\"},\"logo\":{\"@id\":\"https:\\\/\\\/erikemiranda.com\\\/wp-content\\\/uploads\\\/2023\\\/12\\\/White_.jpg\"},\"sameAs\":[\"http:\\\/\\\/erikemiranda.com\",\"erikemiranda\"]}]}<\/script>\n<!-- \/ Yoast SEO plugin. -->","yoast_head_json":{"title":"Stratus - Erike Miranda","robots":{"index":"index","follow":"follow","max-snippet":"max-snippet:-1","max-image-preview":"max-image-preview:large","max-video-preview":"max-video-preview:-1"},"canonical":"https:\/\/erikemiranda.com\/pt\/produto\/sketchbook-stratus\/","og_locale":"pt_BR","og_type":"article","og_title":"Stratus - Erike Miranda","og_description":"A vertical synthetic leather sketchbook.  Made to order, production time within 7 business days with shipping on the next business day. Production is carried out with constant customer feedback at each step.","og_url":"https:\/\/erikemiranda.com\/pt\/produto\/sketchbook-stratus\/","og_site_name":"Erike Miranda","article_publisher":"erikemiranda","article_modified_time":"2026-03-10T05:55:38+00:00","og_image":[{"width":1080,"height":1920,"url":"https:\/\/erikemiranda.com\/wp-content\/uploads\/2026\/03\/1-1.jpg","type":"image\/jpeg"}],"twitter_card":"summary_large_image","twitter_misc":{"Est. tempo de leitura":"2 minutos"},"schema":{"@context":"https:\/\/schema.org","@graph":[{"@type":"WebPage","@id":"https:\/\/erikemiranda.com\/product\/sketchbook-stratus\/","url":"https:\/\/erikemiranda.com\/product\/sketchbook-stratus\/","name":"Stratus - Erike Miranda","isPartOf":{"@id":"https:\/\/erikemiranda.com\/#website"},"primaryImageOfPage":{"@id":"https:\/\/erikemiranda.com\/product\/sketchbook-stratus\/#primaryimage"},"image":{"@id":"https:\/\/erikemiranda.com\/product\/sketchbook-stratus\/#primaryimage"},"thumbnailUrl":"https:\/\/erikemiranda.com\/wp-content\/uploads\/2026\/03\/1-1.jpg","datePublished":"2026-03-04T09:30:09+00:00","dateModified":"2026-03-10T05:55:38+00:00","breadcrumb":{"@id":"https:\/\/erikemiranda.com\/product\/sketchbook-stratus\/#breadcrumb"},"inLanguage":"pt-BR","potentialAction":[{"@type":"ReadAction","target":["https:\/\/erikemiranda.com\/product\/sketchbook-stratus\/"]}]},{"@type":"ImageObject","inLanguage":"pt-BR","@id":"https:\/\/erikemiranda.com\/product\/sketchbook-stratus\/#primaryimage","url":"https:\/\/erikemiranda.com\/wp-content\/uploads\/2026\/03\/1-1.jpg","contentUrl":"https:\/\/erikemiranda.com\/wp-content\/uploads\/2026\/03\/1-1.jpg","width":1080,"height":1920},{"@type":"BreadcrumbList","@id":"https:\/\/erikemiranda.com\/product\/sketchbook-stratus\/#breadcrumb","itemListElement":[{"@type":"ListItem","position":1,"name":"Home","item":"https:\/\/erikemiranda.com\/"},{"@type":"ListItem","position":2,"name":"Shop","item":"https:\/\/erikemiranda.com\/shop_2\/"},{"@type":"ListItem","position":3,"name":"Stratus"}]},{"@type":"WebSite","@id":"https:\/\/erikemiranda.com\/#website","url":"https:\/\/erikemiranda.com\/","name":"Erike Miranda","description":"","publisher":{"@id":"https:\/\/erikemiranda.com\/#\/schema\/person\/a75b6290c8efb2a8a6067f7feabd97d5"},"potentialAction":[{"@type":"SearchAction","target":{"@type":"EntryPoint","urlTemplate":"https:\/\/erikemiranda.com\/?s={search_term_string}"},"query-input":{"@type":"PropertyValueSpecification","valueRequired":true,"valueName":"search_term_string"}}],"inLanguage":"pt-BR"},{"@type":["Person","Organization"],"@id":"https:\/\/erikemiranda.com\/#\/schema\/person\/a75b6290c8efb2a8a6067f7feabd97d5","name":"Erike Miranda","image":{"@type":"ImageObject","inLanguage":"pt-BR","@id":"https:\/\/erikemiranda.com\/wp-content\/uploads\/2023\/12\/White_.jpg","url":"https:\/\/erikemiranda.com\/wp-content\/uploads\/2023\/12\/White_.jpg","contentUrl":"https:\/\/erikemiranda.com\/wp-content\/uploads\/2023\/12\/White_.jpg","width":1000,"height":1000,"caption":"Erike Miranda"},"logo":{"@id":"https:\/\/erikemiranda.com\/wp-content\/uploads\/2023\/12\/White_.jpg"},"sameAs":["http:\/\/erikemiranda.com","erikemiranda"]}]}},"_links":{"self":[{"href":"https:\/\/erikemiranda.com\/pt\/wp-json\/wp\/v2\/product\/9094","targetHints":{"allow":["GET"]}}],"collection":[{"href":"https:\/\/erikemiranda.com\/pt\/wp-json\/wp\/v2\/product"}],"about":[{"href":"https:\/\/erikemiranda.com\/pt\/wp-json\/wp\/v2\/types\/product"}],"replies":[{"embeddable":true,"href":"https:\/\/erikemiranda.com\/pt\/wp-json\/wp\/v2\/comments?post=9094"}],"wp:featuredmedia":[{"embeddable":true,"href":"https:\/\/erikemiranda.com\/pt\/wp-json\/wp\/v2\/media\/9115"}],"wp:attachment":[{"href":"https:\/\/erikemiranda.com\/pt\/wp-json\/wp\/v2\/media?parent=9094"}],"wp:term":[{"taxonomy":"product_cat","embeddable":true,"href":"https:\/\/erikemiranda.com\/pt\/wp-json\/wp\/v2\/product_cat?post=9094"},{"taxonomy":"product_tag","embeddable":true,"href":"https:\/\/erikemiranda.com\/pt\/wp-json\/wp\/v2\/product_tag?post=9094"}],"curies":[{"name":"wp","href":"https:\/\/api.w.org\/{rel}","templated":true}]}}