{"id":7230,"date":"2023-12-09T02:16:37","date_gmt":"2023-12-09T02:16:37","guid":{"rendered":"http:\/\/192.168.100.151\/?post_type=product&#038;p=7230"},"modified":"2024-11-03T14:22:28","modified_gmt":"2024-11-03T14:22:28","slug":"kematians-book","status":"publish","type":"product","link":"https:\/\/erikemiranda.com\/pt\/produto\/kematians-book\/","title":{"rendered":"Kematians \u2013 O Livro"},"content":{"rendered":"","protected":false},"excerpt":{"rendered":"<p>Este livro \u00e9 a primeira e \u00fanica impress\u00e3o independente. Est\u00e1 em portugu\u00eas. Voc\u00ea pode encontrar a vers\u00e3o em ingl\u00eas na <strong>Amazon<\/strong> nas seguintes vers\u00f5es: <a href=\"https:\/\/www.amazon.com\/dp\/B0C7N5ZH9R\"><strong>Kindle<\/strong><\/a> \/ <a href=\"https:\/\/www.amazon.com\/dp\/B0C7F3FG6G\"><strong>Brochura<\/strong><\/a> \/ <a href=\"https:\/\/www.amazon.com\/dp\/B0C7FH64TG\"><strong>Capa dura<\/strong><\/a><\/p>\n<p>Aqui est\u00e1 a vers\u00e3o do Kindle em portugu\u00eas: <a href=\"https:\/\/www.amazon.com.br\/dp\/B0C8G6B1TT\"><strong>Kindle<\/strong><\/a><\/p>\n<p>Sinopse: Kematians \u00e9 uma graphic novel que narra a jornada de Baru, desde a concep\u00e7\u00e3o at\u00e9 a Realiza\u00e7\u00e3o. A hist\u00f3ria tem como objetivo explorar os Arcanos Maiores do Tar\u00f4 e fornecer uma vis\u00e3o simb\u00f3lica de termos inici\u00e1ticos no ocultismo. 'Procure, e voc\u00ea encontrar\u00e1.'<\/p>\n<p>Livro de capa dura que mergulha nos Arcanos Maiores do Tar\u00f4. Edi\u00e7\u00e3o limitada.<\/p>","protected":false},"featured_media":7231,"comment_status":"open","ping_status":"closed","template":"","meta":{"_vp_format_video_url":"","_vp_image_focal_point":[]},"product_cat":[51],"product_tag":[],"class_list":{"0":"post-7230","1":"product","2":"type-product","3":"status-publish","4":"has-post-thumbnail","6":"product_cat-book","8":"first","9":"instock","10":"taxable","11":"shipping-taxable","12":"purchasable","13":"product-type-simple"},"acf":[],"yoast_head":"<!-- This site is optimized with the Yoast SEO plugin v27.4 - https:\/\/yoast.com\/product\/yoast-seo-wordpress\/ -->\n<title>Kematians - Erike Miranda<\/title>\n<meta name=\"robots\" content=\"index, follow, max-snippet:-1, max-image-preview:large, max-video-preview:-1\" \/>\n<link rel=\"canonical\" href=\"https:\/\/erikemiranda.com\/pt\/produto\/kematians-book\/\" \/>\n<meta property=\"og:locale\" content=\"pt_BR\" \/>\n<meta property=\"og:type\" content=\"article\" \/>\n<meta property=\"og:title\" content=\"Kematians - Erike Miranda\" \/>\n<meta property=\"og:description\" content=\"This book is the first and only independent printing. It is in portuguese. You can find the English version on Amazon in the following versions: Kindle \/ Paperback \/ Hard-cover  Here&#039;s the Kindle version in Portuguese: Kindle  Synopsis: Kematians is a graphic novel that narrates the journey of Baru, from conception to Realization. The story aims to explore the Major Arcana of the Tarot and provide a symbolic overview of initiatic terms in occultism. &#039;Seek, and you shall find.&#039;  Hardcover book that delves into the Major Arcana of the Tarot. Limited edition.\" \/>\n<meta property=\"og:url\" content=\"https:\/\/erikemiranda.com\/pt\/produto\/kematians-book\/\" \/>\n<meta property=\"og:site_name\" content=\"Erike Miranda\" \/>\n<meta property=\"article:publisher\" content=\"erikemiranda\" \/>\n<meta property=\"article:modified_time\" content=\"2024-11-03T14:22:28+00:00\" \/>\n<meta property=\"og:image\" content=\"https:\/\/erikemiranda.com\/wp-content\/uploads\/2023\/12\/image_2023-06-25_16-30-31.jpg\" \/>\n\t<meta property=\"og:image:width\" content=\"1080\" \/>\n\t<meta property=\"og:image:height\" content=\"1921\" \/>\n\t<meta property=\"og:image:type\" content=\"image\/jpeg\" \/>\n<meta name=\"twitter:card\" content=\"summary_large_image\" \/>\n<script type=\"application\/ld+json\" class=\"yoast-schema-graph\">{\"@context\":\"https:\\\/\\\/schema.org\",\"@graph\":[{\"@type\":\"WebPage\",\"@id\":\"https:\\\/\\\/erikemiranda.com\\\/product\\\/kematians-book\\\/\",\"url\":\"https:\\\/\\\/erikemiranda.com\\\/product\\\/kematians-book\\\/\",\"name\":\"Kematians - Erike Miranda\",\"isPartOf\":{\"@id\":\"https:\\\/\\\/erikemiranda.com\\\/#website\"},\"primaryImageOfPage\":{\"@id\":\"https:\\\/\\\/erikemiranda.com\\\/product\\\/kematians-book\\\/#primaryimage\"},\"image\":{\"@id\":\"https:\\\/\\\/erikemiranda.com\\\/product\\\/kematians-book\\\/#primaryimage\"},\"thumbnailUrl\":\"https:\\\/\\\/erikemiranda.com\\\/wp-content\\\/uploads\\\/2023\\\/12\\\/image_2023-06-25_16-30-31.jpg\",\"datePublished\":\"2023-12-09T02:16:37+00:00\",\"dateModified\":\"2024-11-03T14:22:28+00:00\",\"breadcrumb\":{\"@id\":\"https:\\\/\\\/erikemiranda.com\\\/product\\\/kematians-book\\\/#breadcrumb\"},\"inLanguage\":\"pt-BR\",\"potentialAction\":[{\"@type\":\"ReadAction\",\"target\":[\"https:\\\/\\\/erikemiranda.com\\\/product\\\/kematians-book\\\/\"]}]},{\"@type\":\"ImageObject\",\"inLanguage\":\"pt-BR\",\"@id\":\"https:\\\/\\\/erikemiranda.com\\\/product\\\/kematians-book\\\/#primaryimage\",\"url\":\"https:\\\/\\\/erikemiranda.com\\\/wp-content\\\/uploads\\\/2023\\\/12\\\/image_2023-06-25_16-30-31.jpg\",\"contentUrl\":\"https:\\\/\\\/erikemiranda.com\\\/wp-content\\\/uploads\\\/2023\\\/12\\\/image_2023-06-25_16-30-31.jpg\",\"width\":1080,\"height\":1921},{\"@type\":\"BreadcrumbList\",\"@id\":\"https:\\\/\\\/erikemiranda.com\\\/product\\\/kematians-book\\\/#breadcrumb\",\"itemListElement\":[{\"@type\":\"ListItem\",\"position\":1,\"name\":\"Home\",\"item\":\"https:\\\/\\\/erikemiranda.com\\\/\"},{\"@type\":\"ListItem\",\"position\":2,\"name\":\"Shop\",\"item\":\"https:\\\/\\\/erikemiranda.com\\\/shop_2\\\/\"},{\"@type\":\"ListItem\",\"position\":3,\"name\":\"Kematians &#8211; The Book\"}]},{\"@type\":\"WebSite\",\"@id\":\"https:\\\/\\\/erikemiranda.com\\\/#website\",\"url\":\"https:\\\/\\\/erikemiranda.com\\\/\",\"name\":\"Erike Miranda\",\"description\":\"\",\"publisher\":{\"@id\":\"https:\\\/\\\/erikemiranda.com\\\/#\\\/schema\\\/person\\\/a75b6290c8efb2a8a6067f7feabd97d5\"},\"potentialAction\":[{\"@type\":\"SearchAction\",\"target\":{\"@type\":\"EntryPoint\",\"urlTemplate\":\"https:\\\/\\\/erikemiranda.com\\\/?s={search_term_string}\"},\"query-input\":{\"@type\":\"PropertyValueSpecification\",\"valueRequired\":true,\"valueName\":\"search_term_string\"}}],\"inLanguage\":\"pt-BR\"},{\"@type\":[\"Person\",\"Organization\"],\"@id\":\"https:\\\/\\\/erikemiranda.com\\\/#\\\/schema\\\/person\\\/a75b6290c8efb2a8a6067f7feabd97d5\",\"name\":\"Erike Miranda\",\"image\":{\"@type\":\"ImageObject\",\"inLanguage\":\"pt-BR\",\"@id\":\"https:\\\/\\\/erikemiranda.com\\\/wp-content\\\/uploads\\\/2023\\\/12\\\/White_.jpg\",\"url\":\"https:\\\/\\\/erikemiranda.com\\\/wp-content\\\/uploads\\\/2023\\\/12\\\/White_.jpg\",\"contentUrl\":\"https:\\\/\\\/erikemiranda.com\\\/wp-content\\\/uploads\\\/2023\\\/12\\\/White_.jpg\",\"width\":1000,\"height\":1000,\"caption\":\"Erike Miranda\"},\"logo\":{\"@id\":\"https:\\\/\\\/erikemiranda.com\\\/wp-content\\\/uploads\\\/2023\\\/12\\\/White_.jpg\"},\"sameAs\":[\"http:\\\/\\\/erikemiranda.com\",\"erikemiranda\"]}]}<\/script>\n<!-- \/ Yoast SEO plugin. -->","yoast_head_json":{"title":"Kematians - Erike Miranda","robots":{"index":"index","follow":"follow","max-snippet":"max-snippet:-1","max-image-preview":"max-image-preview:large","max-video-preview":"max-video-preview:-1"},"canonical":"https:\/\/erikemiranda.com\/pt\/produto\/kematians-book\/","og_locale":"pt_BR","og_type":"article","og_title":"Kematians - Erike Miranda","og_description":"This book is the first and only independent printing. It is in portuguese. You can find the English version on Amazon in the following versions: Kindle \/ Paperback \/ Hard-cover  Here's the Kindle version in Portuguese: Kindle  Synopsis: Kematians is a graphic novel that narrates the journey of Baru, from conception to Realization. The story aims to explore the Major Arcana of the Tarot and provide a symbolic overview of initiatic terms in occultism. 'Seek, and you shall find.'  Hardcover book that delves into the Major Arcana of the Tarot. Limited edition.","og_url":"https:\/\/erikemiranda.com\/pt\/produto\/kematians-book\/","og_site_name":"Erike Miranda","article_publisher":"erikemiranda","article_modified_time":"2024-11-03T14:22:28+00:00","og_image":[{"width":1080,"height":1921,"url":"https:\/\/erikemiranda.com\/wp-content\/uploads\/2023\/12\/image_2023-06-25_16-30-31.jpg","type":"image\/jpeg"}],"twitter_card":"summary_large_image","schema":{"@context":"https:\/\/schema.org","@graph":[{"@type":"WebPage","@id":"https:\/\/erikemiranda.com\/product\/kematians-book\/","url":"https:\/\/erikemiranda.com\/product\/kematians-book\/","name":"Kematians - Erike Miranda","isPartOf":{"@id":"https:\/\/erikemiranda.com\/#website"},"primaryImageOfPage":{"@id":"https:\/\/erikemiranda.com\/product\/kematians-book\/#primaryimage"},"image":{"@id":"https:\/\/erikemiranda.com\/product\/kematians-book\/#primaryimage"},"thumbnailUrl":"https:\/\/erikemiranda.com\/wp-content\/uploads\/2023\/12\/image_2023-06-25_16-30-31.jpg","datePublished":"2023-12-09T02:16:37+00:00","dateModified":"2024-11-03T14:22:28+00:00","breadcrumb":{"@id":"https:\/\/erikemiranda.com\/product\/kematians-book\/#breadcrumb"},"inLanguage":"pt-BR","potentialAction":[{"@type":"ReadAction","target":["https:\/\/erikemiranda.com\/product\/kematians-book\/"]}]},{"@type":"ImageObject","inLanguage":"pt-BR","@id":"https:\/\/erikemiranda.com\/product\/kematians-book\/#primaryimage","url":"https:\/\/erikemiranda.com\/wp-content\/uploads\/2023\/12\/image_2023-06-25_16-30-31.jpg","contentUrl":"https:\/\/erikemiranda.com\/wp-content\/uploads\/2023\/12\/image_2023-06-25_16-30-31.jpg","width":1080,"height":1921},{"@type":"BreadcrumbList","@id":"https:\/\/erikemiranda.com\/product\/kematians-book\/#breadcrumb","itemListElement":[{"@type":"ListItem","position":1,"name":"Home","item":"https:\/\/erikemiranda.com\/"},{"@type":"ListItem","position":2,"name":"Shop","item":"https:\/\/erikemiranda.com\/shop_2\/"},{"@type":"ListItem","position":3,"name":"Kematians &#8211; The Book"}]},{"@type":"WebSite","@id":"https:\/\/erikemiranda.com\/#website","url":"https:\/\/erikemiranda.com\/","name":"Erike Miranda","description":"","publisher":{"@id":"https:\/\/erikemiranda.com\/#\/schema\/person\/a75b6290c8efb2a8a6067f7feabd97d5"},"potentialAction":[{"@type":"SearchAction","target":{"@type":"EntryPoint","urlTemplate":"https:\/\/erikemiranda.com\/?s={search_term_string}"},"query-input":{"@type":"PropertyValueSpecification","valueRequired":true,"valueName":"search_term_string"}}],"inLanguage":"pt-BR"},{"@type":["Person","Organization"],"@id":"https:\/\/erikemiranda.com\/#\/schema\/person\/a75b6290c8efb2a8a6067f7feabd97d5","name":"Erike Miranda","image":{"@type":"ImageObject","inLanguage":"pt-BR","@id":"https:\/\/erikemiranda.com\/wp-content\/uploads\/2023\/12\/White_.jpg","url":"https:\/\/erikemiranda.com\/wp-content\/uploads\/2023\/12\/White_.jpg","contentUrl":"https:\/\/erikemiranda.com\/wp-content\/uploads\/2023\/12\/White_.jpg","width":1000,"height":1000,"caption":"Erike Miranda"},"logo":{"@id":"https:\/\/erikemiranda.com\/wp-content\/uploads\/2023\/12\/White_.jpg"},"sameAs":["http:\/\/erikemiranda.com","erikemiranda"]}]}},"_links":{"self":[{"href":"https:\/\/erikemiranda.com\/pt\/wp-json\/wp\/v2\/product\/7230","targetHints":{"allow":["GET"]}}],"collection":[{"href":"https:\/\/erikemiranda.com\/pt\/wp-json\/wp\/v2\/product"}],"about":[{"href":"https:\/\/erikemiranda.com\/pt\/wp-json\/wp\/v2\/types\/product"}],"replies":[{"embeddable":true,"href":"https:\/\/erikemiranda.com\/pt\/wp-json\/wp\/v2\/comments?post=7230"}],"wp:featuredmedia":[{"embeddable":true,"href":"https:\/\/erikemiranda.com\/pt\/wp-json\/wp\/v2\/media\/7231"}],"wp:attachment":[{"href":"https:\/\/erikemiranda.com\/pt\/wp-json\/wp\/v2\/media?parent=7230"}],"wp:term":[{"taxonomy":"product_cat","embeddable":true,"href":"https:\/\/erikemiranda.com\/pt\/wp-json\/wp\/v2\/product_cat?post=7230"},{"taxonomy":"product_tag","embeddable":true,"href":"https:\/\/erikemiranda.com\/pt\/wp-json\/wp\/v2\/product_tag?post=7230"}],"curies":[{"name":"wp","href":"https:\/\/api.w.org\/{rel}","templated":true}]}}