{"id":6206,"date":"2021-07-10T07:07:06","date_gmt":"2021-07-10T07:07:06","guid":{"rendered":"https:\/\/wp.vlthemes.me\/archee\/my-account\/"},"modified":"2023-12-10T14:24:27","modified_gmt":"2023-12-10T14:24:27","slug":"my-account","status":"publish","type":"page","link":"https:\/\/erikemiranda.com\/pt\/my-account\/","title":{"rendered":"Minha conta"},"content":{"rendered":"<div data-elementor-type=\"wp-page\" data-elementor-id=\"6206\" class=\"elementor elementor-6206\">\n\t\t\t\t\t\t<section data-img-position=\"\" class=\"elementor-section elementor-top-section elementor-element elementor-element-8032b39 elementor-section-full_width has-navbar-offset elementor-section-height-default elementor-section-height-default\" data-id=\"8032b39\" data-element_type=\"section\" data-settings=\"{&quot;aos_animation_name&quot;:&quot;none&quot;}\">\n\t\t\t\t\t\t<div class=\"elementor-container elementor-column-gap-no\">\n\t\t\t\t\t<div data-img-position=\"\" class=\"elementor-column elementor-col-100 elementor-top-column elementor-element elementor-element-9a45095\" data-id=\"9a45095\" data-element_type=\"column\" data-settings=\"{&quot;aos_animation_name&quot;:&quot;none&quot;}\">\n\t\t\t<div class=\"elementor-widget-wrap elementor-element-populated\">\n\t\t\t\t\t\t<div class=\"elementor-element elementor-element-d7d53ae elementor-widget elementor-widget-heading\" data-id=\"d7d53ae\" data-element_type=\"widget\" data-settings=\"{&quot;aos_animation_name&quot;:&quot;none&quot;}\" data-widget_type=\"heading.default\">\n\t\t\t\t<div class=\"elementor-widget-container\">\n\t\t\t<h3 class=\"elementor-heading-title elementor-size-default\">My Account<\/h3>\t\t<\/div>\n\t\t\t\t<\/div>\n\t\t\t\t<div class=\"elementor-element elementor-element-da731cf elementor-widget elementor-widget-image\" data-id=\"da731cf\" data-element_type=\"widget\" data-settings=\"{&quot;aos_animation_name&quot;:&quot;none&quot;}\" data-widget_type=\"image.default\">\n\t\t\t\t<div class=\"elementor-widget-container\">\n\t\t\t\t\t\t\t\t\t\t\t\t\t<img decoding=\"async\" src=\"https:\/\/erikemiranda.com\/wp-content\/uploads\/2023\/12\/miranda_logo.svg\" title=\"miranda_logo\" alt=\"miranda_logo\" loading=\"lazy\" \/>\t\t\t\t\t\t\t\t\t\t\t\t\t<\/div>\n\t\t\t\t<\/div>\n\t\t\t\t\t<\/div>\n\t\t<\/div>\n\t\t\t\t\t<\/div>\n\t\t<\/section>\n\t\t\t\t<section data-img-position=\"\" class=\"elementor-section elementor-top-section elementor-element elementor-element-db7ba73 elementor-section-boxed elementor-section-height-default elementor-section-height-default\" data-id=\"db7ba73\" data-element_type=\"section\" data-settings=\"{&quot;aos_animation_name&quot;:&quot;none&quot;}\">\n\t\t\t\t\t\t<div class=\"elementor-container elementor-column-gap-extended\">\n\t\t\t\t\t<div data-img-position=\"\" class=\"elementor-column elementor-col-100 elementor-top-column elementor-element elementor-element-ba6f4d2\" data-id=\"ba6f4d2\" data-element_type=\"column\" data-settings=\"{&quot;aos_animation_name&quot;:&quot;none&quot;}\">\n\t\t\t<div class=\"elementor-widget-wrap elementor-element-populated\">\n\t\t\t\t\t\t<div data-aos=\"custom\" data-aos-once=\"true\" class=\"elementor-element elementor-element-f9bee33 elementor-widget elementor-widget-shortcode\" data-id=\"f9bee33\" data-element_type=\"widget\" data-settings=\"{&quot;aos_animation_name&quot;:&quot;custom&quot;}\" data-widget_type=\"shortcode.default\">\n\t\t\t\t<div class=\"elementor-widget-container\">\n\t\t\t\t\t<div class=\"elementor-shortcode\"><div class=\"woocommerce\"><\/div><\/div>\n\t\t\t\t<\/div>\n\t\t\t\t<\/div>\n\t\t\t\t\t<\/div>\n\t\t<\/div>\n\t\t\t\t\t<\/div>\n\t\t<\/section>\n\t\t\t\t<section data-img-position=\"\" class=\"elementor-section elementor-top-section elementor-element elementor-element-e727441 elementor-section-full_width elementor-section-height-default elementor-section-height-default\" data-id=\"e727441\" data-element_type=\"section\" data-settings=\"{&quot;background_background&quot;:&quot;classic&quot;,&quot;aos_animation_name&quot;:&quot;none&quot;}\">\n\t\t\t\t\t\t<div class=\"elementor-container elementor-column-gap-no\">\n\t\t\t\t\t<div data-img-position=\"\" class=\"elementor-column elementor-col-100 elementor-top-column elementor-element elementor-element-eace95e\" data-id=\"eace95e\" data-element_type=\"column\" data-settings=\"{&quot;aos_animation_name&quot;:&quot;none&quot;}\">\n\t\t\t<div class=\"elementor-widget-wrap elementor-element-populated\">\n\t\t\t\t\t\t<div class=\"elementor-element elementor-element-9163713 elementor-widget elementor-widget-visual-portfolio\" data-id=\"9163713\" data-element_type=\"widget\" data-settings=\"{&quot;aos_animation_name&quot;:&quot;none&quot;}\" data-widget_type=\"visual-portfolio.default\">\n\t\t\t\t<div class=\"elementor-widget-container\">\n\t\t\t        <div\n                    >\n                                        <div class=\"vp-portfolio vp-uid-c709f515 vp-id-53  vp-portfolio-not-found\">\n                \n<p class=\"vlt-alert\">\n\tNenhum item foi encontrado correspondentes \u00e0 sua sele\u00e7\u00e3o.<\/p>\n            <\/div>\n                                <\/div>\n        \t\t<\/div>\n\t\t\t\t<\/div>\n\t\t\t\t\t<\/div>\n\t\t<\/div>\n\t\t\t\t\t<\/div>\n\t\t<\/section>\n\t\t\t\t<\/div>","protected":false},"excerpt":{"rendered":"<p>My Account<\/p>","protected":false},"author":2,"featured_media":0,"parent":0,"menu_order":60,"comment_status":"closed","ping_status":"closed","template":"template-woocommerce-page.php","meta":{"_vp_format_video_url":"","_vp_image_focal_point":[],"footnotes":""},"class_list":["post-6206","page","type-page","status-publish","hentry"],"acf":[],"yoast_head":"<!-- This site is optimized with the Yoast SEO plugin v27.5 - https:\/\/yoast.com\/product\/yoast-seo-wordpress\/ -->\n<title>My account - Erike Miranda<\/title>\n<meta name=\"description\" content=\"Explore Erike Miranda&#039;s hauntingly beautiful dark art on his official website. Discover intricate details and eerie themes featuring macabre creatures and landscapes. Immerse yourself in Miranda&#039;s mysterious and unique style. Visit the website now to delve into the dark art universe.\" \/>\n<meta name=\"robots\" content=\"index, follow, max-snippet:-1, max-image-preview:large, max-video-preview:-1\" \/>\n<link rel=\"canonical\" href=\"https:\/\/erikemiranda.com\/pt\/my-account\/\" \/>\n<meta property=\"og:locale\" content=\"pt_BR\" \/>\n<meta property=\"og:type\" content=\"article\" \/>\n<meta property=\"og:title\" content=\"My account - Erike Miranda\" \/>\n<meta property=\"og:description\" content=\"Explore Erike Miranda&#039;s hauntingly beautiful dark art on his official website. Discover intricate details and eerie themes featuring macabre creatures and landscapes. Immerse yourself in Miranda&#039;s mysterious and unique style. Visit the website now to delve into the dark art universe.\" \/>\n<meta property=\"og:url\" content=\"https:\/\/erikemiranda.com\/pt\/my-account\/\" \/>\n<meta property=\"og:site_name\" content=\"Erike Miranda\" \/>\n<meta property=\"article:publisher\" content=\"erikemiranda\" \/>\n<meta property=\"article:modified_time\" content=\"2023-12-10T14:24:27+00:00\" \/>\n<meta property=\"og:image\" content=\"https:\/\/erikemiranda.com\/wp-content\/uploads\/2023\/12\/miranda_logo.svg\" \/>\n<meta name=\"twitter:card\" content=\"summary_large_image\" \/>\n<meta name=\"twitter:label1\" content=\"Est. tempo de leitura\" \/>\n\t<meta name=\"twitter:data1\" content=\"1 minuto\" \/>\n<script type=\"application\/ld+json\" class=\"yoast-schema-graph\">{\"@context\":\"https:\\\/\\\/schema.org\",\"@graph\":[{\"@type\":\"WebPage\",\"@id\":\"https:\\\/\\\/erikemiranda.com\\\/en\\\/my-account\\\/\",\"url\":\"https:\\\/\\\/erikemiranda.com\\\/en\\\/my-account\\\/\",\"name\":\"My account - Erike Miranda\",\"isPartOf\":{\"@id\":\"https:\\\/\\\/erikemiranda.com\\\/#website\"},\"primaryImageOfPage\":{\"@id\":\"https:\\\/\\\/erikemiranda.com\\\/en\\\/my-account\\\/#primaryimage\"},\"image\":{\"@id\":\"https:\\\/\\\/erikemiranda.com\\\/en\\\/my-account\\\/#primaryimage\"},\"thumbnailUrl\":\"https:\\\/\\\/erikemiranda.com\\\/wp-content\\\/uploads\\\/2023\\\/12\\\/miranda_logo.svg\",\"datePublished\":\"2021-07-10T07:07:06+00:00\",\"dateModified\":\"2023-12-10T14:24:27+00:00\",\"description\":\"Explore Erike Miranda's hauntingly beautiful dark art on his official website. Discover intricate details and eerie themes featuring macabre creatures and landscapes. Immerse yourself in Miranda's mysterious and unique style. Visit the website now to delve into the dark art universe.\",\"breadcrumb\":{\"@id\":\"https:\\\/\\\/erikemiranda.com\\\/en\\\/my-account\\\/#breadcrumb\"},\"inLanguage\":\"pt-BR\",\"potentialAction\":[{\"@type\":\"ReadAction\",\"target\":[\"https:\\\/\\\/erikemiranda.com\\\/en\\\/my-account\\\/\"]}]},{\"@type\":\"ImageObject\",\"inLanguage\":\"pt-BR\",\"@id\":\"https:\\\/\\\/erikemiranda.com\\\/en\\\/my-account\\\/#primaryimage\",\"url\":\"https:\\\/\\\/erikemiranda.com\\\/wp-content\\\/uploads\\\/2023\\\/12\\\/miranda_logo.svg\",\"contentUrl\":\"https:\\\/\\\/erikemiranda.com\\\/wp-content\\\/uploads\\\/2023\\\/12\\\/miranda_logo.svg\"},{\"@type\":\"BreadcrumbList\",\"@id\":\"https:\\\/\\\/erikemiranda.com\\\/en\\\/my-account\\\/#breadcrumb\",\"itemListElement\":[{\"@type\":\"ListItem\",\"position\":1,\"name\":\"Home\",\"item\":\"https:\\\/\\\/erikemiranda.com\\\/\"},{\"@type\":\"ListItem\",\"position\":2,\"name\":\"My account\"}]},{\"@type\":\"WebSite\",\"@id\":\"https:\\\/\\\/erikemiranda.com\\\/#website\",\"url\":\"https:\\\/\\\/erikemiranda.com\\\/\",\"name\":\"Erike Miranda\",\"description\":\"\",\"publisher\":{\"@id\":\"https:\\\/\\\/erikemiranda.com\\\/#\\\/schema\\\/person\\\/a75b6290c8efb2a8a6067f7feabd97d5\"},\"potentialAction\":[{\"@type\":\"SearchAction\",\"target\":{\"@type\":\"EntryPoint\",\"urlTemplate\":\"https:\\\/\\\/erikemiranda.com\\\/?s={search_term_string}\"},\"query-input\":{\"@type\":\"PropertyValueSpecification\",\"valueRequired\":true,\"valueName\":\"search_term_string\"}}],\"inLanguage\":\"pt-BR\"},{\"@type\":[\"Person\",\"Organization\"],\"@id\":\"https:\\\/\\\/erikemiranda.com\\\/#\\\/schema\\\/person\\\/a75b6290c8efb2a8a6067f7feabd97d5\",\"name\":\"Erike Miranda\",\"image\":{\"@type\":\"ImageObject\",\"inLanguage\":\"pt-BR\",\"@id\":\"https:\\\/\\\/erikemiranda.com\\\/wp-content\\\/uploads\\\/2023\\\/12\\\/White_.jpg\",\"url\":\"https:\\\/\\\/erikemiranda.com\\\/wp-content\\\/uploads\\\/2023\\\/12\\\/White_.jpg\",\"contentUrl\":\"https:\\\/\\\/erikemiranda.com\\\/wp-content\\\/uploads\\\/2023\\\/12\\\/White_.jpg\",\"width\":1000,\"height\":1000,\"caption\":\"Erike Miranda\"},\"logo\":{\"@id\":\"https:\\\/\\\/erikemiranda.com\\\/wp-content\\\/uploads\\\/2023\\\/12\\\/White_.jpg\"},\"sameAs\":[\"http:\\\/\\\/erikemiranda.com\",\"erikemiranda\"]}]}<\/script>\n<!-- \/ Yoast SEO plugin. -->","yoast_head_json":{"title":"My account - Erike Miranda","description":"Explore Erike Miranda's hauntingly beautiful dark art on his official website. Discover intricate details and eerie themes featuring macabre creatures and landscapes. Immerse yourself in Miranda's mysterious and unique style. Visit the website now to delve into the dark art universe.","robots":{"index":"index","follow":"follow","max-snippet":"max-snippet:-1","max-image-preview":"max-image-preview:large","max-video-preview":"max-video-preview:-1"},"canonical":"https:\/\/erikemiranda.com\/pt\/my-account\/","og_locale":"pt_BR","og_type":"article","og_title":"My account - Erike Miranda","og_description":"Explore Erike Miranda's hauntingly beautiful dark art on his official website. Discover intricate details and eerie themes featuring macabre creatures and landscapes. Immerse yourself in Miranda's mysterious and unique style. Visit the website now to delve into the dark art universe.","og_url":"https:\/\/erikemiranda.com\/pt\/my-account\/","og_site_name":"Erike Miranda","article_publisher":"erikemiranda","article_modified_time":"2023-12-10T14:24:27+00:00","og_image":[{"url":"https:\/\/erikemiranda.com\/wp-content\/uploads\/2023\/12\/miranda_logo.svg","type":"","width":"","height":""}],"twitter_card":"summary_large_image","twitter_misc":{"Est. tempo de leitura":"1 minuto"},"schema":{"@context":"https:\/\/schema.org","@graph":[{"@type":"WebPage","@id":"https:\/\/erikemiranda.com\/en\/my-account\/","url":"https:\/\/erikemiranda.com\/en\/my-account\/","name":"My account - Erike Miranda","isPartOf":{"@id":"https:\/\/erikemiranda.com\/#website"},"primaryImageOfPage":{"@id":"https:\/\/erikemiranda.com\/en\/my-account\/#primaryimage"},"image":{"@id":"https:\/\/erikemiranda.com\/en\/my-account\/#primaryimage"},"thumbnailUrl":"https:\/\/erikemiranda.com\/wp-content\/uploads\/2023\/12\/miranda_logo.svg","datePublished":"2021-07-10T07:07:06+00:00","dateModified":"2023-12-10T14:24:27+00:00","description":"Explore Erike Miranda's hauntingly beautiful dark art on his official website. Discover intricate details and eerie themes featuring macabre creatures and landscapes. Immerse yourself in Miranda's mysterious and unique style. Visit the website now to delve into the dark art universe.","breadcrumb":{"@id":"https:\/\/erikemiranda.com\/en\/my-account\/#breadcrumb"},"inLanguage":"pt-BR","potentialAction":[{"@type":"ReadAction","target":["https:\/\/erikemiranda.com\/en\/my-account\/"]}]},{"@type":"ImageObject","inLanguage":"pt-BR","@id":"https:\/\/erikemiranda.com\/en\/my-account\/#primaryimage","url":"https:\/\/erikemiranda.com\/wp-content\/uploads\/2023\/12\/miranda_logo.svg","contentUrl":"https:\/\/erikemiranda.com\/wp-content\/uploads\/2023\/12\/miranda_logo.svg"},{"@type":"BreadcrumbList","@id":"https:\/\/erikemiranda.com\/en\/my-account\/#breadcrumb","itemListElement":[{"@type":"ListItem","position":1,"name":"Home","item":"https:\/\/erikemiranda.com\/"},{"@type":"ListItem","position":2,"name":"My account"}]},{"@type":"WebSite","@id":"https:\/\/erikemiranda.com\/#website","url":"https:\/\/erikemiranda.com\/","name":"Erike Miranda","description":"","publisher":{"@id":"https:\/\/erikemiranda.com\/#\/schema\/person\/a75b6290c8efb2a8a6067f7feabd97d5"},"potentialAction":[{"@type":"SearchAction","target":{"@type":"EntryPoint","urlTemplate":"https:\/\/erikemiranda.com\/?s={search_term_string}"},"query-input":{"@type":"PropertyValueSpecification","valueRequired":true,"valueName":"search_term_string"}}],"inLanguage":"pt-BR"},{"@type":["Person","Organization"],"@id":"https:\/\/erikemiranda.com\/#\/schema\/person\/a75b6290c8efb2a8a6067f7feabd97d5","name":"Erike Miranda","image":{"@type":"ImageObject","inLanguage":"pt-BR","@id":"https:\/\/erikemiranda.com\/wp-content\/uploads\/2023\/12\/White_.jpg","url":"https:\/\/erikemiranda.com\/wp-content\/uploads\/2023\/12\/White_.jpg","contentUrl":"https:\/\/erikemiranda.com\/wp-content\/uploads\/2023\/12\/White_.jpg","width":1000,"height":1000,"caption":"Erike Miranda"},"logo":{"@id":"https:\/\/erikemiranda.com\/wp-content\/uploads\/2023\/12\/White_.jpg"},"sameAs":["http:\/\/erikemiranda.com","erikemiranda"]}]}},"_links":{"self":[{"href":"https:\/\/erikemiranda.com\/pt\/wp-json\/wp\/v2\/pages\/6206","targetHints":{"allow":["GET"]}}],"collection":[{"href":"https:\/\/erikemiranda.com\/pt\/wp-json\/wp\/v2\/pages"}],"about":[{"href":"https:\/\/erikemiranda.com\/pt\/wp-json\/wp\/v2\/types\/page"}],"author":[{"embeddable":true,"href":"https:\/\/erikemiranda.com\/pt\/wp-json\/wp\/v2\/users\/2"}],"replies":[{"embeddable":true,"href":"https:\/\/erikemiranda.com\/pt\/wp-json\/wp\/v2\/comments?post=6206"}],"version-history":[{"count":6,"href":"https:\/\/erikemiranda.com\/pt\/wp-json\/wp\/v2\/pages\/6206\/revisions"}],"predecessor-version":[{"id":7376,"href":"https:\/\/erikemiranda.com\/pt\/wp-json\/wp\/v2\/pages\/6206\/revisions\/7376"}],"wp:attachment":[{"href":"https:\/\/erikemiranda.com\/pt\/wp-json\/wp\/v2\/media?parent=6206"}],"curies":[{"name":"wp","href":"https:\/\/api.w.org\/{rel}","templated":true}]}}