{"id":542,"date":"2021-07-19T10:37:49","date_gmt":"2021-07-19T10:37:49","guid":{"rendered":"https:\/\/wp.vlthemes.me\/archee\/?page_id=542"},"modified":"2023-12-10T14:24:38","modified_gmt":"2023-12-10T14:24:38","slug":"faq","status":"publish","type":"page","link":"https:\/\/erikemiranda.com\/pt\/faq\/","title":{"rendered":"Perguntas frequentes"},"content":{"rendered":"<div data-elementor-type=\"wp-page\" data-elementor-id=\"542\" class=\"elementor elementor-542\">\n\t\t\t\t\t\t<section data-img-position=\"\" class=\"elementor-section elementor-top-section elementor-element elementor-element-a9fc316 elementor-section-full_width has-navbar-offset has-vertical-lines elementor-section-height-default elementor-section-height-default\" data-id=\"a9fc316\" data-element_type=\"section\" data-settings=\"{&quot;aos_animation_name&quot;:&quot;none&quot;}\">\n\t\t\t\t\t\t<div class=\"elementor-container elementor-column-gap-no\">\n\t\t\t\t\t<div data-img-position=\"\" class=\"elementor-column elementor-col-100 elementor-top-column elementor-element elementor-element-514386b\" data-id=\"514386b\" data-element_type=\"column\" data-settings=\"{&quot;aos_animation_name&quot;:&quot;none&quot;}\">\n\t\t\t<div class=\"elementor-widget-wrap elementor-element-populated\">\n\t\t\t\t\t\t<div class=\"elementor-element elementor-element-acd94aa elementor-widget elementor-widget-vlt-page-title\" data-id=\"acd94aa\" data-element_type=\"widget\" data-settings=\"{&quot;aos_animation_name&quot;:&quot;none&quot;}\" data-widget_type=\"vlt-page-title.default\">\n\t\t\t\t<div class=\"elementor-widget-container\">\n\t\t\t\n\t\t<div class=\"vlt-page-title vlt-page-title--acd94aa vlt-page-title--style-2 jarallax\">\n\n\t\t\t<img loading=\"lazy\" decoding=\"async\" width=\"1707\" height=\"960\" src=\"https:\/\/erikemiranda.com\/wp-content\/uploads\/2021\/07\/media-2-1.jpg\" class=\"jarallax-img attachment-archee-1920x960_crop size-archee-1920x960_crop\" alt=\"\" \/><div class=\"vlt-page-title__overlay\"><\/div><div class=\"container lax\" data-lax-translate-y=\"0 0, (-elh*2) elh\" data-lax-opacity=\"0 1, (-elh*2) 0\" data-lax-anchor=\".vlt-page-title--acd94aa\"><h1 class=\"vlt-page-title__title\">P\u00e1gina de perguntas frequentes<\/h1>string(4) \"page\"\n<nav class=\"vlt-page-title__breadcrumbs\"><span><a href=\"https:\/\/erikemiranda.com\/pt\/\" ><span>Home<\/span><\/a><\/span> <span class=\"sep\"><i class=\"fa-regular fa-fw fa-angle-right\"><\/i><\/span> <span class=\"current\">P\u00e1ginas<\/span><\/nav><\/div>\n\t\t<\/div>\n\n\t\t<div id=\"acd94aa\"><\/div>\n\n\t\t\t\t<\/div>\n\t\t\t\t<\/div>\n\t\t\t\t\t<\/div>\n\t\t<\/div>\n\t\t\t\t\t<\/div>\n\t\t<\/section>\n\t\t\t\t<section data-img-position=\"\" class=\"elementor-section elementor-top-section elementor-element elementor-element-5f3fe38 has-vertical-lines elementor-section-boxed elementor-section-height-default elementor-section-height-default\" data-id=\"5f3fe38\" data-element_type=\"section\" data-settings=\"{&quot;aos_animation_name&quot;:&quot;none&quot;}\">\n\t\t\t\t\t\t<div class=\"elementor-container elementor-column-gap-extended\">\n\t\t\t\t\t<div data-img-position=\"\" class=\"elementor-column elementor-col-100 elementor-top-column elementor-element elementor-element-1c1346e\" data-id=\"1c1346e\" data-element_type=\"column\" data-settings=\"{&quot;aos_animation_name&quot;:&quot;none&quot;}\">\n\t\t\t<div class=\"elementor-widget-wrap elementor-element-populated\">\n\t\t\t\t\t\t<div data-aos=\"custom\" data-aos-once=\"true\" class=\"elementor-element elementor-element-e6bd9b9 elementor-widget elementor-widget-vlt-accordion\" data-id=\"e6bd9b9\" data-element_type=\"widget\" data-settings=\"{&quot;aos_animation_name&quot;:&quot;custom&quot;}\" data-widget_type=\"vlt-accordion.default\">\n\t\t\t\t<div class=\"elementor-widget-container\">\n\t\t\t\n\t\t<div class=\"vlt-accordion\">\n\n\t\t\t\n\t\t\t\t<div class=\"vlt-accordion__item\">\n\n\t\t\t\t\t<h6 class=\"vlt-accordion__title\">\n\t\t\t\t\t\t<a href=\"javascript:;\">O que brew m\u00e9todos que voc\u00ea recomendaria?<\/a>\n\t\t\t\t\t\t<i class=\"fa-regular fa-fw fa-plus\"><\/i>\n\t\t\t\t\t<\/h6>\n\n\t\t\t\t\t<div class=\"vlt-accordion__content\">Adequados de Qualidade \u00e9 determinado pelo produto usu\u00e1rios, clientes ou clientes, n\u00e3o pela sociedade em geral. Por exemplo, um baixo pre\u00e7o do produto pode ser visto como tendo alta qualidade, pois \u00e9 descart\u00e1vel, onde o outro pode ser visto como tendo m\u00e1 qualidade, porque \u00e9 descart\u00e1vel.<\/div>\n\n\t\t\t\t<\/div>\n\n\t\t\t\n\t\t\t\t<div class=\"vlt-accordion__item\">\n\n\t\t\t\t\t<h6 class=\"vlt-accordion__title\">\n\t\t\t\t\t\t<a href=\"javascript:;\">Voc\u00eas oferecem transporte internacional?<\/a>\n\t\t\t\t\t\t<i class=\"fa-regular fa-fw fa-plus\"><\/i>\n\t\t\t\t\t<\/h6>\n\n\t\t\t\t\t<div class=\"vlt-accordion__content\">Por exemplo, um baixo pre\u00e7o do produto pode ser visto como tendo alta qualidade, pois \u00e9 descart\u00e1vel, onde o outro pode ser visto como tendo m\u00e1 qualidade, porque \u00e9 descart\u00e1vel.<\/div>\n\n\t\t\t\t<\/div>\n\n\t\t\t\n\t\t\t\t<div class=\"vlt-accordion__item\">\n\n\t\t\t\t\t<h6 class=\"vlt-accordion__title\">\n\t\t\t\t\t\t<a href=\"javascript:;\">Qual \u00e9 a sua pol\u00edtica de devolu\u00e7\u00e3o?<\/a>\n\t\t\t\t\t\t<i class=\"fa-regular fa-fw fa-plus\"><\/i>\n\t\t\t\t\t<\/h6>\n\n\t\t\t\t\t<div class=\"vlt-accordion__content\">Adequados de Qualidade \u00e9 determinado pelo produto usu\u00e1rios, clientes ou clientes, n\u00e3o pela sociedade em geral. Por exemplo, um baixo pre\u00e7o do produto pode ser visto como tendo alta qualidade, pois \u00e9 descart\u00e1vel, onde o outro pode ser visto como tendo m\u00e1 qualidade, porque \u00e9 descart\u00e1vel.<\/div>\n\n\t\t\t\t<\/div>\n\n\t\t\t\n\t\t\t\t<div class=\"vlt-accordion__item\">\n\n\t\t\t\t\t<h6 class=\"vlt-accordion__title\">\n\t\t\t\t\t\t<a href=\"javascript:;\">Posso obter uma factura para a minha encomenda?<\/a>\n\t\t\t\t\t\t<i class=\"fa-regular fa-fw fa-plus\"><\/i>\n\t\t\t\t\t<\/h6>\n\n\t\t\t\t\t<div class=\"vlt-accordion__content\">Por exemplo, um baixo pre\u00e7o do produto pode ser visto como tendo alta qualidade, pois \u00e9 descart\u00e1vel, onde o outro pode ser visto como tendo m\u00e1 qualidade, porque \u00e9 descart\u00e1vel.<\/div>\n\n\t\t\t\t<\/div>\n\n\t\t\t\n\t\t<\/div>\n\n\t\t\t\t<\/div>\n\t\t\t\t<\/div>\n\t\t\t\t<div class=\"elementor-element elementor-element-ab060ea elementor-widget elementor-widget-vlt-spacer\" data-id=\"ab060ea\" data-element_type=\"widget\" data-settings=\"{&quot;aos_animation_name&quot;:&quot;none&quot;}\" data-widget_type=\"vlt-spacer.default\">\n\t\t\t\t<div class=\"elementor-widget-container\">\n\t\t\t\n\t\t<div class=\"vlt-spacer\"><\/div>\n\n\t\t\t\t<\/div>\n\t\t\t\t<\/div>\n\t\t\t\t<div data-aos=\"custom\" data-aos-once=\"true\" class=\"elementor-element elementor-element-79fcdc1 elementor-widget elementor-widget-text-editor\" data-id=\"79fcdc1\" data-element_type=\"widget\" data-settings=\"{&quot;aos_animation_name&quot;:&quot;custom&quot;}\" data-widget_type=\"text-editor.default\">\n\t\t\t\t<div class=\"elementor-widget-container\">\n\t\t\t\t\t\t\tAinda tem d\u00favidas? <a href=\"https:\/\/wp.vlthemes.me\/archee\/contact-01\/\" class=\"vlt-underline-link\">Email-nos aqui<\/a>\t\t\t\t\t\t<\/div>\n\t\t\t\t<\/div>\n\t\t\t\t\t<\/div>\n\t\t<\/div>\n\t\t\t\t\t<\/div>\n\t\t<\/section>\n\t\t\t\t<section data-img-position=\"\" class=\"elementor-section elementor-top-section elementor-element elementor-element-f2d0690 elementor-section-full_width elementor-section-height-default elementor-section-height-default\" data-id=\"f2d0690\" data-element_type=\"section\" data-settings=\"{&quot;background_background&quot;:&quot;classic&quot;,&quot;aos_animation_name&quot;:&quot;none&quot;}\">\n\t\t\t\t\t\t<div class=\"elementor-container elementor-column-gap-no\">\n\t\t\t\t\t<div data-img-position=\"\" class=\"elementor-column elementor-col-100 elementor-top-column elementor-element elementor-element-b7856b3\" data-id=\"b7856b3\" data-element_type=\"column\" data-settings=\"{&quot;aos_animation_name&quot;:&quot;none&quot;}\">\n\t\t\t<div class=\"elementor-widget-wrap elementor-element-populated\">\n\t\t\t\t\t\t<div class=\"elementor-element elementor-element-0e0cb89 elementor-widget elementor-widget-visual-portfolio\" data-id=\"0e0cb89\" data-element_type=\"widget\" data-settings=\"{&quot;aos_animation_name&quot;:&quot;none&quot;}\" data-widget_type=\"visual-portfolio.default\">\n\t\t\t\t<div class=\"elementor-widget-container\">\n\t\t\t        <div\n                    >\n                                        <div class=\"vp-portfolio vp-uid-c709f515 vp-id-53  vp-portfolio-not-found\">\n                \n<p class=\"vlt-alert\">\n\tNenhum item foi encontrado correspondentes \u00e0 sua sele\u00e7\u00e3o.<\/p>\n            <\/div>\n                                <\/div>\n        \t\t<\/div>\n\t\t\t\t<\/div>\n\t\t\t\t\t<\/div>\n\t\t<\/div>\n\t\t\t\t\t<\/div>\n\t\t<\/section>\n\t\t\t\t<\/div>","protected":false},"excerpt":{"rendered":"<p>FAQ page Home Pages What brew methods do you recommend? Suitable Quality is determined by product users, clients or customers, not by society in general. For example, a low priced product may be viewed as having high quality because it is disposable where another may be viewed as having poor quality because it is disposable. [&hellip;]<\/p>\n","protected":false},"author":2,"featured_media":0,"parent":0,"menu_order":58,"comment_status":"closed","ping_status":"closed","template":"template-custom-page.php","meta":{"_vp_format_video_url":"","_vp_image_focal_point":[],"footnotes":""},"class_list":["post-542","page","type-page","status-publish","hentry"],"acf":[],"yoast_head":"<!-- This site is optimized with the Yoast SEO plugin v27.5 - https:\/\/yoast.com\/product\/yoast-seo-wordpress\/ -->\n<title>FAQ - Erike Miranda<\/title>\n<meta name=\"description\" content=\"Explore Erike Miranda&#039;s hauntingly beautiful dark art on his official website. Discover intricate details and eerie themes featuring macabre creatures and landscapes. Immerse yourself in Miranda&#039;s mysterious and unique style. Visit the website now to delve into the dark art universe.\" \/>\n<meta name=\"robots\" content=\"index, follow, max-snippet:-1, max-image-preview:large, max-video-preview:-1\" \/>\n<link rel=\"canonical\" href=\"https:\/\/erikemiranda.com\/pt\/faq\/\" \/>\n<meta property=\"og:locale\" content=\"pt_BR\" \/>\n<meta property=\"og:type\" content=\"article\" \/>\n<meta property=\"og:title\" content=\"FAQ - Erike Miranda\" \/>\n<meta property=\"og:description\" content=\"Explore Erike Miranda&#039;s hauntingly beautiful dark art on his official website. Discover intricate details and eerie themes featuring macabre creatures and landscapes. Immerse yourself in Miranda&#039;s mysterious and unique style. Visit the website now to delve into the dark art universe.\" \/>\n<meta property=\"og:url\" content=\"https:\/\/erikemiranda.com\/pt\/faq\/\" \/>\n<meta property=\"og:site_name\" content=\"Erike Miranda\" \/>\n<meta property=\"article:publisher\" content=\"erikemiranda\" \/>\n<meta property=\"article:modified_time\" content=\"2023-12-10T14:24:38+00:00\" \/>\n<meta property=\"og:image\" content=\"https:\/\/wp.vlthemes.me\/archee\/wp-content\/uploads\/2021\/07\/media-2-1920x960.jpg\" \/>\n<meta name=\"twitter:card\" content=\"summary_large_image\" \/>\n<meta name=\"twitter:label1\" content=\"Est. tempo de leitura\" \/>\n\t<meta name=\"twitter:data1\" content=\"1 minuto\" \/>\n<script type=\"application\/ld+json\" class=\"yoast-schema-graph\">{\"@context\":\"https:\\\/\\\/schema.org\",\"@graph\":[{\"@type\":\"WebPage\",\"@id\":\"https:\\\/\\\/erikemiranda.com\\\/faq\\\/\",\"url\":\"https:\\\/\\\/erikemiranda.com\\\/faq\\\/\",\"name\":\"FAQ - Erike Miranda\",\"isPartOf\":{\"@id\":\"https:\\\/\\\/erikemiranda.com\\\/#website\"},\"primaryImageOfPage\":{\"@id\":\"https:\\\/\\\/erikemiranda.com\\\/faq\\\/#primaryimage\"},\"image\":{\"@id\":\"https:\\\/\\\/erikemiranda.com\\\/faq\\\/#primaryimage\"},\"thumbnailUrl\":\"https:\\\/\\\/wp.vlthemes.me\\\/archee\\\/wp-content\\\/uploads\\\/2021\\\/07\\\/media-2-1920x960.jpg\",\"datePublished\":\"2021-07-19T10:37:49+00:00\",\"dateModified\":\"2023-12-10T14:24:38+00:00\",\"description\":\"Explore Erike Miranda's hauntingly beautiful dark art on his official website. Discover intricate details and eerie themes featuring macabre creatures and landscapes. Immerse yourself in Miranda's mysterious and unique style. Visit the website now to delve into the dark art universe.\",\"breadcrumb\":{\"@id\":\"https:\\\/\\\/erikemiranda.com\\\/faq\\\/#breadcrumb\"},\"inLanguage\":\"pt-BR\",\"potentialAction\":[{\"@type\":\"ReadAction\",\"target\":[\"https:\\\/\\\/erikemiranda.com\\\/faq\\\/\"]}]},{\"@type\":\"ImageObject\",\"inLanguage\":\"pt-BR\",\"@id\":\"https:\\\/\\\/erikemiranda.com\\\/faq\\\/#primaryimage\",\"url\":\"https:\\\/\\\/wp.vlthemes.me\\\/archee\\\/wp-content\\\/uploads\\\/2021\\\/07\\\/media-2-1920x960.jpg\",\"contentUrl\":\"https:\\\/\\\/wp.vlthemes.me\\\/archee\\\/wp-content\\\/uploads\\\/2021\\\/07\\\/media-2-1920x960.jpg\"},{\"@type\":\"BreadcrumbList\",\"@id\":\"https:\\\/\\\/erikemiranda.com\\\/faq\\\/#breadcrumb\",\"itemListElement\":[{\"@type\":\"ListItem\",\"position\":1,\"name\":\"Home\",\"item\":\"https:\\\/\\\/erikemiranda.com\\\/\"},{\"@type\":\"ListItem\",\"position\":2,\"name\":\"FAQ\"}]},{\"@type\":\"WebSite\",\"@id\":\"https:\\\/\\\/erikemiranda.com\\\/#website\",\"url\":\"https:\\\/\\\/erikemiranda.com\\\/\",\"name\":\"Erike Miranda\",\"description\":\"\",\"publisher\":{\"@id\":\"https:\\\/\\\/erikemiranda.com\\\/#\\\/schema\\\/person\\\/a75b6290c8efb2a8a6067f7feabd97d5\"},\"potentialAction\":[{\"@type\":\"SearchAction\",\"target\":{\"@type\":\"EntryPoint\",\"urlTemplate\":\"https:\\\/\\\/erikemiranda.com\\\/?s={search_term_string}\"},\"query-input\":{\"@type\":\"PropertyValueSpecification\",\"valueRequired\":true,\"valueName\":\"search_term_string\"}}],\"inLanguage\":\"pt-BR\"},{\"@type\":[\"Person\",\"Organization\"],\"@id\":\"https:\\\/\\\/erikemiranda.com\\\/#\\\/schema\\\/person\\\/a75b6290c8efb2a8a6067f7feabd97d5\",\"name\":\"Erike Miranda\",\"image\":{\"@type\":\"ImageObject\",\"inLanguage\":\"pt-BR\",\"@id\":\"https:\\\/\\\/erikemiranda.com\\\/wp-content\\\/uploads\\\/2023\\\/12\\\/White_.jpg\",\"url\":\"https:\\\/\\\/erikemiranda.com\\\/wp-content\\\/uploads\\\/2023\\\/12\\\/White_.jpg\",\"contentUrl\":\"https:\\\/\\\/erikemiranda.com\\\/wp-content\\\/uploads\\\/2023\\\/12\\\/White_.jpg\",\"width\":1000,\"height\":1000,\"caption\":\"Erike Miranda\"},\"logo\":{\"@id\":\"https:\\\/\\\/erikemiranda.com\\\/wp-content\\\/uploads\\\/2023\\\/12\\\/White_.jpg\"},\"sameAs\":[\"http:\\\/\\\/erikemiranda.com\",\"erikemiranda\"]}]}<\/script>\n<!-- \/ Yoast SEO plugin. -->","yoast_head_json":{"title":"FAQ - Erike Miranda","description":"Explore Erike Miranda's hauntingly beautiful dark art on his official website. Discover intricate details and eerie themes featuring macabre creatures and landscapes. Immerse yourself in Miranda's mysterious and unique style. Visit the website now to delve into the dark art universe.","robots":{"index":"index","follow":"follow","max-snippet":"max-snippet:-1","max-image-preview":"max-image-preview:large","max-video-preview":"max-video-preview:-1"},"canonical":"https:\/\/erikemiranda.com\/pt\/faq\/","og_locale":"pt_BR","og_type":"article","og_title":"FAQ - Erike Miranda","og_description":"Explore Erike Miranda's hauntingly beautiful dark art on his official website. Discover intricate details and eerie themes featuring macabre creatures and landscapes. Immerse yourself in Miranda's mysterious and unique style. Visit the website now to delve into the dark art universe.","og_url":"https:\/\/erikemiranda.com\/pt\/faq\/","og_site_name":"Erike Miranda","article_publisher":"erikemiranda","article_modified_time":"2023-12-10T14:24:38+00:00","og_image":[{"url":"https:\/\/wp.vlthemes.me\/archee\/wp-content\/uploads\/2021\/07\/media-2-1920x960.jpg","type":"","width":"","height":""}],"twitter_card":"summary_large_image","twitter_misc":{"Est. tempo de leitura":"1 minuto"},"schema":{"@context":"https:\/\/schema.org","@graph":[{"@type":"WebPage","@id":"https:\/\/erikemiranda.com\/faq\/","url":"https:\/\/erikemiranda.com\/faq\/","name":"FAQ - Erike Miranda","isPartOf":{"@id":"https:\/\/erikemiranda.com\/#website"},"primaryImageOfPage":{"@id":"https:\/\/erikemiranda.com\/faq\/#primaryimage"},"image":{"@id":"https:\/\/erikemiranda.com\/faq\/#primaryimage"},"thumbnailUrl":"https:\/\/wp.vlthemes.me\/archee\/wp-content\/uploads\/2021\/07\/media-2-1920x960.jpg","datePublished":"2021-07-19T10:37:49+00:00","dateModified":"2023-12-10T14:24:38+00:00","description":"Explore Erike Miranda's hauntingly beautiful dark art on his official website. Discover intricate details and eerie themes featuring macabre creatures and landscapes. Immerse yourself in Miranda's mysterious and unique style. Visit the website now to delve into the dark art universe.","breadcrumb":{"@id":"https:\/\/erikemiranda.com\/faq\/#breadcrumb"},"inLanguage":"pt-BR","potentialAction":[{"@type":"ReadAction","target":["https:\/\/erikemiranda.com\/faq\/"]}]},{"@type":"ImageObject","inLanguage":"pt-BR","@id":"https:\/\/erikemiranda.com\/faq\/#primaryimage","url":"https:\/\/wp.vlthemes.me\/archee\/wp-content\/uploads\/2021\/07\/media-2-1920x960.jpg","contentUrl":"https:\/\/wp.vlthemes.me\/archee\/wp-content\/uploads\/2021\/07\/media-2-1920x960.jpg"},{"@type":"BreadcrumbList","@id":"https:\/\/erikemiranda.com\/faq\/#breadcrumb","itemListElement":[{"@type":"ListItem","position":1,"name":"Home","item":"https:\/\/erikemiranda.com\/"},{"@type":"ListItem","position":2,"name":"FAQ"}]},{"@type":"WebSite","@id":"https:\/\/erikemiranda.com\/#website","url":"https:\/\/erikemiranda.com\/","name":"Erike Miranda","description":"","publisher":{"@id":"https:\/\/erikemiranda.com\/#\/schema\/person\/a75b6290c8efb2a8a6067f7feabd97d5"},"potentialAction":[{"@type":"SearchAction","target":{"@type":"EntryPoint","urlTemplate":"https:\/\/erikemiranda.com\/?s={search_term_string}"},"query-input":{"@type":"PropertyValueSpecification","valueRequired":true,"valueName":"search_term_string"}}],"inLanguage":"pt-BR"},{"@type":["Person","Organization"],"@id":"https:\/\/erikemiranda.com\/#\/schema\/person\/a75b6290c8efb2a8a6067f7feabd97d5","name":"Erike Miranda","image":{"@type":"ImageObject","inLanguage":"pt-BR","@id":"https:\/\/erikemiranda.com\/wp-content\/uploads\/2023\/12\/White_.jpg","url":"https:\/\/erikemiranda.com\/wp-content\/uploads\/2023\/12\/White_.jpg","contentUrl":"https:\/\/erikemiranda.com\/wp-content\/uploads\/2023\/12\/White_.jpg","width":1000,"height":1000,"caption":"Erike Miranda"},"logo":{"@id":"https:\/\/erikemiranda.com\/wp-content\/uploads\/2023\/12\/White_.jpg"},"sameAs":["http:\/\/erikemiranda.com","erikemiranda"]}]}},"_links":{"self":[{"href":"https:\/\/erikemiranda.com\/pt\/wp-json\/wp\/v2\/pages\/542","targetHints":{"allow":["GET"]}}],"collection":[{"href":"https:\/\/erikemiranda.com\/pt\/wp-json\/wp\/v2\/pages"}],"about":[{"href":"https:\/\/erikemiranda.com\/pt\/wp-json\/wp\/v2\/types\/page"}],"author":[{"embeddable":true,"href":"https:\/\/erikemiranda.com\/pt\/wp-json\/wp\/v2\/users\/2"}],"replies":[{"embeddable":true,"href":"https:\/\/erikemiranda.com\/pt\/wp-json\/wp\/v2\/comments?post=542"}],"version-history":[{"count":1,"href":"https:\/\/erikemiranda.com\/pt\/wp-json\/wp\/v2\/pages\/542\/revisions"}],"predecessor-version":[{"id":7421,"href":"https:\/\/erikemiranda.com\/pt\/wp-json\/wp\/v2\/pages\/542\/revisions\/7421"}],"wp:attachment":[{"href":"https:\/\/erikemiranda.com\/pt\/wp-json\/wp\/v2\/media?parent=542"}],"curies":[{"name":"wp","href":"https:\/\/api.w.org\/{rel}","templated":true}]}}