{"id":3063,"date":"2021-11-14T13:05:42","date_gmt":"2021-11-14T13:05:42","guid":{"rendered":"https:\/\/wp.vlthemes.me\/archee\/?page_id=3063"},"modified":"2024-11-03T22:36:02","modified_gmt":"2024-11-03T22:36:02","slug":"about-me","status":"publish","type":"page","link":"https:\/\/erikemiranda.com\/pt\/about-me\/","title":{"rendered":"About Me"},"content":{"rendered":"<div data-elementor-type=\"wp-page\" data-elementor-id=\"3063\" class=\"elementor elementor-3063\">\n\t\t\t\t\t\t<section data-img-position=\"\" class=\"elementor-section elementor-top-section elementor-element elementor-element-d03950f has-vertical-lines elementor-reverse-tablet elementor-reverse-mobile elementor-section-boxed elementor-section-height-default elementor-section-height-default\" data-id=\"d03950f\" data-element_type=\"section\" data-settings=\"{&quot;aos_animation_name&quot;:&quot;none&quot;}\">\n\t\t\t\t\t\t<div class=\"elementor-container elementor-column-gap-extended\">\n\t\t\t\t\t<div data-img-position=\"\" class=\"elementor-column elementor-col-33 elementor-top-column elementor-element elementor-element-407dcf8\" data-id=\"407dcf8\" data-element_type=\"column\" data-settings=\"{&quot;aos_animation_name&quot;:&quot;none&quot;}\">\n\t\t\t<div class=\"elementor-widget-wrap elementor-element-populated\">\n\t\t\t\t\t\t<div data-aos=\"custom\" data-aos-once=\"true\" class=\"elementor-element elementor-element-06a506d elementor-widget elementor-widget-vlt-section-title\" data-id=\"06a506d\" data-element_type=\"widget\" data-settings=\"{&quot;aos_animation_name&quot;:&quot;custom&quot;}\" data-widget_type=\"vlt-section-title.default\">\n\t\t\t\t<div class=\"elementor-widget-container\">\n\t\t\t\n\t\t<div class=\"vlt-section-title\">\n\n\t\t\t\t\t\t\t<span class=\"vlt-section-title__subtitle\">Dispon\u00edvel para comiss\u00f5es<\/span>\n\t\t\t\n\t\t\t\n\t\t\t\t<h1 class=\"vlt-section-title__heading h2\">\n\n\t\t\t\t\t\n\t\t\t\t\tProcuro retratar o sil\u00eancio e mist\u00e9rio.\n\t\t\t\t\t\n\t\t\t\t<\/h1>\n\n\t\t\t\n\t\t\t\n\t\t<\/div>\n\n\t\t\t<\/div>\n\t\t\t\t<\/div>\n\t\t\t\t<div class=\"elementor-element elementor-element-76a7d25 elementor-widget elementor-widget-vlt-spacer\" data-id=\"76a7d25\" data-element_type=\"widget\" data-settings=\"{&quot;aos_animation_name&quot;:&quot;none&quot;}\" data-widget_type=\"vlt-spacer.default\">\n\t\t\t\t<div class=\"elementor-widget-container\">\n\t\t\t\n\t\t<div class=\"vlt-spacer\"><\/div>\n\n\t\t\t\t<\/div>\n\t\t\t\t<\/div>\n\t\t\t\t<div data-aos=\"custom\" data-aos-once=\"true\" class=\"elementor-element elementor-element-386bcfb elementor-widget elementor-widget-vlt-heading\" data-id=\"386bcfb\" data-element_type=\"widget\" data-settings=\"{&quot;aos_animation_name&quot;:&quot;custom&quot;}\" data-widget_type=\"vlt-heading.default\">\n\t\t\t\t<div class=\"elementor-widget-container\">\n\t\t\t\n\t\t<h5 class=\"vlt-heading\" id=\"link-to-386bcfb\">\n\n\t\t\t\n\t\t\t\t\t\t\tProjetos\t\t\t\n\t\t\t\n\t\t\t\n\t\t<\/h5>\n\n\t\t\t<\/div>\n\t\t\t\t<\/div>\n\t\t\t\t<div class=\"elementor-element elementor-element-b106f79 elementor-widget elementor-widget-vlt-spacer\" data-id=\"b106f79\" data-element_type=\"widget\" data-settings=\"{&quot;aos_animation_name&quot;:&quot;none&quot;}\" data-widget_type=\"vlt-spacer.default\">\n\t\t\t\t<div class=\"elementor-widget-container\">\n\t\t\t\n\t\t<div class=\"vlt-spacer\"><\/div>\n\n\t\t\t\t<\/div>\n\t\t\t\t<\/div>\n\t\t\t\t<div data-aos=\"custom\" data-aos-once=\"true\" class=\"elementor-element elementor-element-7ceb087 elementor-widget elementor-widget-vlt-styled-list\" data-id=\"7ceb087\" data-element_type=\"widget\" data-settings=\"{&quot;aos_animation_name&quot;:&quot;custom&quot;}\" data-widget_type=\"vlt-styled-list.default\">\n\t\t\t\t<div class=\"elementor-widget-container\">\n\t\t\t\n\t\t<ul class=\"vlt-styled-list vlt-styled-list--style-2\">\n\n\t\t\t<li>Escritor de Kematians - Livro \/ 2016<\/li><li>Ilustrador de Alvores - Liga dos Artes\u00e3os \/ 2015<\/li><li>Ilustrador de Labyrinth of the World and The Paradise of the Heart (como Mandorlalmond) , um livro de Timothy L. Price \/ 2021.<\/li><li>Atual : Mandelarium, meu novo livro e terminando o \"Miranda's Tarot\". Ambos a serem lan\u00e7ados em meados de 2024.<\/li>\n\t\t<\/ul>\n\n\t\t\t\t<\/div>\n\t\t\t\t<\/div>\n\t\t\t\t<div class=\"elementor-element elementor-element-2385ada elementor-widget elementor-widget-vlt-spacer\" data-id=\"2385ada\" data-element_type=\"widget\" data-settings=\"{&quot;aos_animation_name&quot;:&quot;none&quot;}\" data-widget_type=\"vlt-spacer.default\">\n\t\t\t\t<div class=\"elementor-widget-container\">\n\t\t\t\n\t\t<div class=\"vlt-spacer\"><\/div>\n\n\t\t\t\t<\/div>\n\t\t\t\t<\/div>\n\t\t\t\t<div data-aos=\"custom\" data-aos-once=\"true\" class=\"elementor-element elementor-element-83f814e elementor-widget elementor-widget-vlt-heading\" data-id=\"83f814e\" data-element_type=\"widget\" data-settings=\"{&quot;aos_animation_name&quot;:&quot;custom&quot;}\" data-widget_type=\"vlt-heading.default\">\n\t\t\t\t<div class=\"elementor-widget-container\">\n\t\t\t\n\t\t<h5 class=\"vlt-heading\" id=\"link-to-83f814e\">\n\n\t\t\t\n\t\t\t\t\t\t\tDestaque\t\t\t\n\t\t\t\n\t\t\t\n\t\t<\/h5>\n\n\t\t\t<\/div>\n\t\t\t\t<\/div>\n\t\t\t\t<div class=\"elementor-element elementor-element-e486740 elementor-widget elementor-widget-vlt-spacer\" data-id=\"e486740\" data-element_type=\"widget\" data-settings=\"{&quot;aos_animation_name&quot;:&quot;none&quot;}\" data-widget_type=\"vlt-spacer.default\">\n\t\t\t\t<div class=\"elementor-widget-container\">\n\t\t\t\n\t\t<div class=\"vlt-spacer\"><\/div>\n\n\t\t\t\t<\/div>\n\t\t\t\t<\/div>\n\t\t\t\t<div data-aos=\"custom\" data-aos-once=\"true\" class=\"elementor-element elementor-element-455af50 elementor-widget elementor-widget-vlt-styled-list\" data-id=\"455af50\" data-element_type=\"widget\" data-settings=\"{&quot;aos_animation_name&quot;:&quot;custom&quot;}\" data-widget_type=\"vlt-styled-list.default\">\n\t\t\t\t<div class=\"elementor-widget-container\">\n\t\t\t\n\t\t<ul class=\"vlt-styled-list vlt-styled-list--style-2\">\n\n\t\t\t<li>Trabalhos publicados em Taschen\u2019s Library of Esoterica Tarot (como Erike Miranda) e Library of Esoterica Astrology (como Mandorlalmond) \/ 2020.<\/li>\n\t\t<\/ul>\n\n\t\t\t\t<\/div>\n\t\t\t\t<\/div>\n\t\t\t\t<div class=\"elementor-element elementor-element-14dee1e elementor-widget elementor-widget-vlt-spacer\" data-id=\"14dee1e\" data-element_type=\"widget\" data-settings=\"{&quot;aos_animation_name&quot;:&quot;none&quot;}\" data-widget_type=\"vlt-spacer.default\">\n\t\t\t\t<div class=\"elementor-widget-container\">\n\t\t\t\n\t\t<div class=\"vlt-spacer\"><\/div>\n\n\t\t\t\t<\/div>\n\t\t\t\t<\/div>\n\t\t\t\t<div data-aos=\"custom\" data-aos-once=\"true\" class=\"elementor-element elementor-element-8efa3fa elementor-widget elementor-widget-vlt-heading\" data-id=\"8efa3fa\" data-element_type=\"widget\" data-settings=\"{&quot;aos_animation_name&quot;:&quot;custom&quot;}\" data-widget_type=\"vlt-heading.default\">\n\t\t\t\t<div class=\"elementor-widget-container\">\n\t\t\t\n\t\t<h5 class=\"vlt-heading\" id=\"link-to-8efa3fa\">\n\n\t\t\t\n\t\t\t\t\t\t\tContato\t\t\t\n\t\t\t\n\t\t\t\n\t\t<\/h5>\n\n\t\t\t<\/div>\n\t\t\t\t<\/div>\n\t\t\t\t<div class=\"elementor-element elementor-element-6e8ea30 elementor-widget elementor-widget-vlt-spacer\" data-id=\"6e8ea30\" data-element_type=\"widget\" data-settings=\"{&quot;aos_animation_name&quot;:&quot;none&quot;}\" data-widget_type=\"vlt-spacer.default\">\n\t\t\t\t<div class=\"elementor-widget-container\">\n\t\t\t\n\t\t<div class=\"vlt-spacer\"><\/div>\n\n\t\t\t\t<\/div>\n\t\t\t\t<\/div>\n\t\t\t\t<div data-aos=\"custom\" data-aos-once=\"true\" class=\"elementor-element elementor-element-98442f4 elementor-widget elementor-widget-vlt-heading\" data-id=\"98442f4\" data-element_type=\"widget\" data-settings=\"{&quot;aos_animation_name&quot;:&quot;custom&quot;}\" data-widget_type=\"vlt-heading.default\">\n\t\t\t\t<div class=\"elementor-widget-container\">\n\t\t\t\n\t\t<h6 class=\"vlt-heading vlt-display-1\" id=\"link-to-98442f4\">\n\n\t\t\t\n\t\t\t\t\t\t\tEndere\u00e7o\t\t\t\n\t\t\t\n\t\t\t\n\t\t<\/h6>\n\n\t\t\t<\/div>\n\t\t\t\t<\/div>\n\t\t\t\t<div class=\"elementor-element elementor-element-7510e47 elementor-widget elementor-widget-vlt-spacer\" data-id=\"7510e47\" data-element_type=\"widget\" data-settings=\"{&quot;aos_animation_name&quot;:&quot;none&quot;}\" data-widget_type=\"vlt-spacer.default\">\n\t\t\t\t<div class=\"elementor-widget-container\">\n\t\t\t\n\t\t<div class=\"vlt-spacer\"><\/div>\n\n\t\t\t\t<\/div>\n\t\t\t\t<\/div>\n\t\t\t\t<div data-aos=\"custom\" data-aos-once=\"true\" class=\"elementor-element elementor-element-ca313dc elementor-widget elementor-widget-text-editor\" data-id=\"ca313dc\" data-element_type=\"widget\" data-settings=\"{&quot;aos_animation_name&quot;:&quot;custom&quot;}\" data-widget_type=\"text-editor.default\">\n\t\t\t\t<div class=\"elementor-widget-container\">\n\t\t\t\t\t\t\t<p>Rio de Janeiro \/ RJ<\/p>\t\t\t\t\t\t<\/div>\n\t\t\t\t<\/div>\n\t\t\t\t<div data-aos=\"custom\" data-aos-once=\"true\" class=\"elementor-element elementor-element-8fd0cda elementor-widget elementor-widget-vlt-heading\" data-id=\"8fd0cda\" data-element_type=\"widget\" data-settings=\"{&quot;aos_animation_name&quot;:&quot;custom&quot;}\" data-widget_type=\"vlt-heading.default\">\n\t\t\t\t<div class=\"elementor-widget-container\">\n\t\t\t\n\t\t<h6 class=\"vlt-heading vlt-display-1\" id=\"link-to-8fd0cda\">\n\n\t\t\t\n\t\t\t\t\t\t\tE-mail\t\t\t\n\t\t\t\n\t\t\t\n\t\t<\/h6>\n\n\t\t\t<\/div>\n\t\t\t\t<\/div>\n\t\t\t\t<div class=\"elementor-element elementor-element-fa27f36 elementor-widget elementor-widget-vlt-spacer\" data-id=\"fa27f36\" data-element_type=\"widget\" data-settings=\"{&quot;aos_animation_name&quot;:&quot;none&quot;}\" data-widget_type=\"vlt-spacer.default\">\n\t\t\t\t<div class=\"elementor-widget-container\">\n\t\t\t\n\t\t<div class=\"vlt-spacer\"><\/div>\n\n\t\t\t\t<\/div>\n\t\t\t\t<\/div>\n\t\t\t\t<div data-aos=\"custom\" data-aos-once=\"true\" class=\"elementor-element elementor-element-ef9fb10 elementor-widget elementor-widget-text-editor\" data-id=\"ef9fb10\" data-element_type=\"widget\" data-settings=\"{&quot;aos_animation_name&quot;:&quot;custom&quot;}\" data-widget_type=\"text-editor.default\">\n\t\t\t\t<div class=\"elementor-widget-container\">\n\t\t\t\t\t\t\t<p>erikemiranda@gmail.com<\/p>\t\t\t\t\t\t<\/div>\n\t\t\t\t<\/div>\n\t\t\t\t\t<\/div>\n\t\t<\/div>\n\t\t\t\t<div data-img-position=\"\" class=\"elementor-column elementor-col-33 elementor-top-column elementor-element elementor-element-4c9c03b\" data-id=\"4c9c03b\" data-element_type=\"column\" data-settings=\"{&quot;aos_animation_name&quot;:&quot;none&quot;}\">\n\t\t\t<div class=\"elementor-widget-wrap\">\n\t\t\t\t\t\t\t<\/div>\n\t\t<\/div>\n\t\t\t\t<div data-img-position=\"\" class=\"elementor-column elementor-col-33 elementor-top-column elementor-element elementor-element-4cd7428 sticky-parent\" data-id=\"4cd7428\" data-element_type=\"column\" data-settings=\"{&quot;aos_animation_name&quot;:&quot;none&quot;}\">\n\t\t\t<div class=\"elementor-widget-wrap elementor-element-populated\">\n\t\t\t\t\t\t<div data-aos=\"custom\" data-aos-delay=\"100\" data-aos-once=\"true\" class=\"elementor-element elementor-element-50e136a sticky-column elementor-widget elementor-widget-vlt-simple-image\" data-id=\"50e136a\" data-element_type=\"widget\" data-settings=\"{&quot;aos_animation_name&quot;:&quot;custom&quot;}\" data-widget_type=\"vlt-simple-image.default\">\n\t\t\t\t<div class=\"elementor-widget-container\">\n\t\t\t\n\t\t<div class=\"vlt-simple-image\">\n\n\t\t\t\n\t\t\t\n\t\t\t\t\n\t\t\t\t<img loading=\"lazy\" decoding=\"async\" width=\"639\" height=\"639\" src=\"https:\/\/erikemiranda.com\/wp-content\/uploads\/2024\/11\/photo_2024-08-02_23-25-55.jpg\" class=\"attachment-full size-full\" alt=\"\" srcset=\"https:\/\/erikemiranda.com\/wp-content\/uploads\/2024\/11\/photo_2024-08-02_23-25-55.jpg 639w, https:\/\/erikemiranda.com\/wp-content\/uploads\/2024\/11\/photo_2024-08-02_23-25-55-300x300.jpg 300w, https:\/\/erikemiranda.com\/wp-content\/uploads\/2024\/11\/photo_2024-08-02_23-25-55-150x150.jpg 150w, https:\/\/erikemiranda.com\/wp-content\/uploads\/2024\/11\/photo_2024-08-02_23-25-55-12x12.jpg 12w, https:\/\/erikemiranda.com\/wp-content\/uploads\/2024\/11\/photo_2024-08-02_23-25-55-500x500.jpg 500w\" sizes=\"auto, (max-width: 639px) 100vw, 639px\" \/>\n\t\t\t\t\n\t\t\t\n\t\t\t\n\t\t\t\t<div class=\"curl\"><\/div>\n\n\t\t\t\n\t\t<\/div>\n\n\t\t\t\t<\/div>\n\t\t\t\t<\/div>\n\t\t\t\t\t<\/div>\n\t\t<\/div>\n\t\t\t\t\t<\/div>\n\t\t<\/section>\n\t\t\t\t<section data-img-position=\"\" class=\"elementor-section elementor-top-section elementor-element elementor-element-5e5eeeb elementor-section-full_width elementor-section-height-default elementor-section-height-default\" data-id=\"5e5eeeb\" data-element_type=\"section\" data-settings=\"{&quot;background_background&quot;:&quot;classic&quot;,&quot;aos_animation_name&quot;:&quot;none&quot;}\">\n\t\t\t\t\t\t<div class=\"elementor-container elementor-column-gap-no\">\n\t\t\t\t\t<div data-img-position=\"\" class=\"elementor-column elementor-col-100 elementor-top-column elementor-element elementor-element-54a49dd\" data-id=\"54a49dd\" data-element_type=\"column\" data-settings=\"{&quot;aos_animation_name&quot;:&quot;none&quot;}\">\n\t\t\t<div class=\"elementor-widget-wrap elementor-element-populated\">\n\t\t\t\t\t\t<div class=\"elementor-element elementor-element-21e3885 elementor-widget elementor-widget-visual-portfolio\" data-id=\"21e3885\" data-element_type=\"widget\" data-settings=\"{&quot;aos_animation_name&quot;:&quot;none&quot;}\" data-widget_type=\"visual-portfolio.default\">\n\t\t\t\t<div class=\"elementor-widget-container\">\n\t\t\t        <div\n                    >\n                                        <div class=\"vp-portfolio vp-uid-c709f515 vp-id-53  vp-portfolio-not-found\">\n                \n<p class=\"vlt-alert\">\n\tNenhum item foi encontrado correspondentes \u00e0 sua sele\u00e7\u00e3o.<\/p>\n            <\/div>\n                                <\/div>\n        \t\t<\/div>\n\t\t\t\t<\/div>\n\t\t\t\t\t<\/div>\n\t\t<\/div>\n\t\t\t\t\t<\/div>\n\t\t<\/section>\n\t\t\t\t<\/div>","protected":false},"excerpt":{"rendered":"<p>Available for comissions I strive to portray silence and mystery. Projects Writer of Kematians &#8211; Book \/ 2016 Illustrated Alvores &#8211; A Liga dos Artes\u00e3os \/ 2015 Illustrated Labyrinth of the World and The Paradise of the Heart (as Mandorlalmond) , a book by Timothy L. Price \/ 2021. Current : Mandelarium, my new book [&hellip;]<\/p>\n","protected":false},"author":2,"featured_media":0,"parent":0,"menu_order":27,"comment_status":"closed","ping_status":"closed","template":"template-custom-page.php","meta":{"_vp_format_video_url":"","_vp_image_focal_point":[],"footnotes":""},"class_list":["post-3063","page","type-page","status-publish","hentry"],"acf":[],"yoast_head":"<!-- This site is optimized with the Yoast SEO plugin v27.4 - https:\/\/yoast.com\/product\/yoast-seo-wordpress\/ -->\n<title>About Me - Erike Miranda<\/title>\n<meta name=\"description\" content=\"Explore Erike Miranda&#039;s hauntingly beautiful dark art on his official website. Discover intricate details and eerie themes featuring macabre creatures and landscapes. Immerse yourself in Miranda&#039;s mysterious and unique style. Visit the website now to delve into the dark art universe.\" \/>\n<meta name=\"robots\" content=\"index, follow, max-snippet:-1, max-image-preview:large, max-video-preview:-1\" \/>\n<link rel=\"canonical\" href=\"https:\/\/erikemiranda.com\/pt\/about-me\/\" \/>\n<meta property=\"og:locale\" content=\"pt_BR\" \/>\n<meta property=\"og:type\" content=\"article\" \/>\n<meta property=\"og:title\" content=\"About Me - Erike Miranda\" \/>\n<meta property=\"og:description\" content=\"Explore Erike Miranda&#039;s hauntingly beautiful dark art on his official website. Discover intricate details and eerie themes featuring macabre creatures and landscapes. Immerse yourself in Miranda&#039;s mysterious and unique style. Visit the website now to delve into the dark art universe.\" \/>\n<meta property=\"og:url\" content=\"https:\/\/erikemiranda.com\/pt\/about-me\/\" \/>\n<meta property=\"og:site_name\" content=\"Erike Miranda\" \/>\n<meta property=\"article:publisher\" content=\"erikemiranda\" \/>\n<meta property=\"article:modified_time\" content=\"2024-11-03T22:36:02+00:00\" \/>\n<meta property=\"og:image\" content=\"https:\/\/erikemiranda.com\/wp-content\/uploads\/2024\/11\/photo_2024-08-02_23-25-55.jpg\" \/>\n<meta name=\"twitter:card\" content=\"summary_large_image\" \/>\n<meta name=\"twitter:label1\" content=\"Est. tempo de leitura\" \/>\n\t<meta name=\"twitter:data1\" content=\"1 minuto\" \/>\n<script type=\"application\/ld+json\" class=\"yoast-schema-graph\">{\"@context\":\"https:\\\/\\\/schema.org\",\"@graph\":[{\"@type\":\"WebPage\",\"@id\":\"https:\\\/\\\/erikemiranda.com\\\/en\\\/about-me\\\/\",\"url\":\"https:\\\/\\\/erikemiranda.com\\\/en\\\/about-me\\\/\",\"name\":\"About Me - Erike Miranda\",\"isPartOf\":{\"@id\":\"https:\\\/\\\/erikemiranda.com\\\/#website\"},\"primaryImageOfPage\":{\"@id\":\"https:\\\/\\\/erikemiranda.com\\\/en\\\/about-me\\\/#primaryimage\"},\"image\":{\"@id\":\"https:\\\/\\\/erikemiranda.com\\\/en\\\/about-me\\\/#primaryimage\"},\"thumbnailUrl\":\"https:\\\/\\\/erikemiranda.com\\\/wp-content\\\/uploads\\\/2024\\\/11\\\/photo_2024-08-02_23-25-55.jpg\",\"datePublished\":\"2021-11-14T13:05:42+00:00\",\"dateModified\":\"2024-11-03T22:36:02+00:00\",\"description\":\"Explore Erike Miranda's hauntingly beautiful dark art on his official website. Discover intricate details and eerie themes featuring macabre creatures and landscapes. Immerse yourself in Miranda's mysterious and unique style. Visit the website now to delve into the dark art universe.\",\"breadcrumb\":{\"@id\":\"https:\\\/\\\/erikemiranda.com\\\/en\\\/about-me\\\/#breadcrumb\"},\"inLanguage\":\"pt-BR\",\"potentialAction\":[{\"@type\":\"ReadAction\",\"target\":[\"https:\\\/\\\/erikemiranda.com\\\/en\\\/about-me\\\/\"]}]},{\"@type\":\"ImageObject\",\"inLanguage\":\"pt-BR\",\"@id\":\"https:\\\/\\\/erikemiranda.com\\\/en\\\/about-me\\\/#primaryimage\",\"url\":\"https:\\\/\\\/erikemiranda.com\\\/wp-content\\\/uploads\\\/2024\\\/11\\\/photo_2024-08-02_23-25-55.jpg\",\"contentUrl\":\"https:\\\/\\\/erikemiranda.com\\\/wp-content\\\/uploads\\\/2024\\\/11\\\/photo_2024-08-02_23-25-55.jpg\"},{\"@type\":\"BreadcrumbList\",\"@id\":\"https:\\\/\\\/erikemiranda.com\\\/en\\\/about-me\\\/#breadcrumb\",\"itemListElement\":[{\"@type\":\"ListItem\",\"position\":1,\"name\":\"Home\",\"item\":\"https:\\\/\\\/erikemiranda.com\\\/\"},{\"@type\":\"ListItem\",\"position\":2,\"name\":\"About Me\"}]},{\"@type\":\"WebSite\",\"@id\":\"https:\\\/\\\/erikemiranda.com\\\/#website\",\"url\":\"https:\\\/\\\/erikemiranda.com\\\/\",\"name\":\"Erike Miranda\",\"description\":\"\",\"publisher\":{\"@id\":\"https:\\\/\\\/erikemiranda.com\\\/#\\\/schema\\\/person\\\/a75b6290c8efb2a8a6067f7feabd97d5\"},\"potentialAction\":[{\"@type\":\"SearchAction\",\"target\":{\"@type\":\"EntryPoint\",\"urlTemplate\":\"https:\\\/\\\/erikemiranda.com\\\/?s={search_term_string}\"},\"query-input\":{\"@type\":\"PropertyValueSpecification\",\"valueRequired\":true,\"valueName\":\"search_term_string\"}}],\"inLanguage\":\"pt-BR\"},{\"@type\":[\"Person\",\"Organization\"],\"@id\":\"https:\\\/\\\/erikemiranda.com\\\/#\\\/schema\\\/person\\\/a75b6290c8efb2a8a6067f7feabd97d5\",\"name\":\"Erike Miranda\",\"image\":{\"@type\":\"ImageObject\",\"inLanguage\":\"pt-BR\",\"@id\":\"https:\\\/\\\/erikemiranda.com\\\/wp-content\\\/uploads\\\/2023\\\/12\\\/White_.jpg\",\"url\":\"https:\\\/\\\/erikemiranda.com\\\/wp-content\\\/uploads\\\/2023\\\/12\\\/White_.jpg\",\"contentUrl\":\"https:\\\/\\\/erikemiranda.com\\\/wp-content\\\/uploads\\\/2023\\\/12\\\/White_.jpg\",\"width\":1000,\"height\":1000,\"caption\":\"Erike Miranda\"},\"logo\":{\"@id\":\"https:\\\/\\\/erikemiranda.com\\\/wp-content\\\/uploads\\\/2023\\\/12\\\/White_.jpg\"},\"sameAs\":[\"http:\\\/\\\/erikemiranda.com\",\"erikemiranda\"]}]}<\/script>\n<!-- \/ Yoast SEO plugin. -->","yoast_head_json":{"title":"About Me - Erike Miranda","description":"Explore Erike Miranda's hauntingly beautiful dark art on his official website. Discover intricate details and eerie themes featuring macabre creatures and landscapes. Immerse yourself in Miranda's mysterious and unique style. Visit the website now to delve into the dark art universe.","robots":{"index":"index","follow":"follow","max-snippet":"max-snippet:-1","max-image-preview":"max-image-preview:large","max-video-preview":"max-video-preview:-1"},"canonical":"https:\/\/erikemiranda.com\/pt\/about-me\/","og_locale":"pt_BR","og_type":"article","og_title":"About Me - Erike Miranda","og_description":"Explore Erike Miranda's hauntingly beautiful dark art on his official website. Discover intricate details and eerie themes featuring macabre creatures and landscapes. Immerse yourself in Miranda's mysterious and unique style. Visit the website now to delve into the dark art universe.","og_url":"https:\/\/erikemiranda.com\/pt\/about-me\/","og_site_name":"Erike Miranda","article_publisher":"erikemiranda","article_modified_time":"2024-11-03T22:36:02+00:00","og_image":[{"url":"https:\/\/erikemiranda.com\/wp-content\/uploads\/2024\/11\/photo_2024-08-02_23-25-55.jpg","type":"","width":"","height":""}],"twitter_card":"summary_large_image","twitter_misc":{"Est. tempo de leitura":"1 minuto"},"schema":{"@context":"https:\/\/schema.org","@graph":[{"@type":"WebPage","@id":"https:\/\/erikemiranda.com\/en\/about-me\/","url":"https:\/\/erikemiranda.com\/en\/about-me\/","name":"About Me - Erike Miranda","isPartOf":{"@id":"https:\/\/erikemiranda.com\/#website"},"primaryImageOfPage":{"@id":"https:\/\/erikemiranda.com\/en\/about-me\/#primaryimage"},"image":{"@id":"https:\/\/erikemiranda.com\/en\/about-me\/#primaryimage"},"thumbnailUrl":"https:\/\/erikemiranda.com\/wp-content\/uploads\/2024\/11\/photo_2024-08-02_23-25-55.jpg","datePublished":"2021-11-14T13:05:42+00:00","dateModified":"2024-11-03T22:36:02+00:00","description":"Explore Erike Miranda's hauntingly beautiful dark art on his official website. Discover intricate details and eerie themes featuring macabre creatures and landscapes. Immerse yourself in Miranda's mysterious and unique style. Visit the website now to delve into the dark art universe.","breadcrumb":{"@id":"https:\/\/erikemiranda.com\/en\/about-me\/#breadcrumb"},"inLanguage":"pt-BR","potentialAction":[{"@type":"ReadAction","target":["https:\/\/erikemiranda.com\/en\/about-me\/"]}]},{"@type":"ImageObject","inLanguage":"pt-BR","@id":"https:\/\/erikemiranda.com\/en\/about-me\/#primaryimage","url":"https:\/\/erikemiranda.com\/wp-content\/uploads\/2024\/11\/photo_2024-08-02_23-25-55.jpg","contentUrl":"https:\/\/erikemiranda.com\/wp-content\/uploads\/2024\/11\/photo_2024-08-02_23-25-55.jpg"},{"@type":"BreadcrumbList","@id":"https:\/\/erikemiranda.com\/en\/about-me\/#breadcrumb","itemListElement":[{"@type":"ListItem","position":1,"name":"Home","item":"https:\/\/erikemiranda.com\/"},{"@type":"ListItem","position":2,"name":"About Me"}]},{"@type":"WebSite","@id":"https:\/\/erikemiranda.com\/#website","url":"https:\/\/erikemiranda.com\/","name":"Erike Miranda","description":"","publisher":{"@id":"https:\/\/erikemiranda.com\/#\/schema\/person\/a75b6290c8efb2a8a6067f7feabd97d5"},"potentialAction":[{"@type":"SearchAction","target":{"@type":"EntryPoint","urlTemplate":"https:\/\/erikemiranda.com\/?s={search_term_string}"},"query-input":{"@type":"PropertyValueSpecification","valueRequired":true,"valueName":"search_term_string"}}],"inLanguage":"pt-BR"},{"@type":["Person","Organization"],"@id":"https:\/\/erikemiranda.com\/#\/schema\/person\/a75b6290c8efb2a8a6067f7feabd97d5","name":"Erike Miranda","image":{"@type":"ImageObject","inLanguage":"pt-BR","@id":"https:\/\/erikemiranda.com\/wp-content\/uploads\/2023\/12\/White_.jpg","url":"https:\/\/erikemiranda.com\/wp-content\/uploads\/2023\/12\/White_.jpg","contentUrl":"https:\/\/erikemiranda.com\/wp-content\/uploads\/2023\/12\/White_.jpg","width":1000,"height":1000,"caption":"Erike Miranda"},"logo":{"@id":"https:\/\/erikemiranda.com\/wp-content\/uploads\/2023\/12\/White_.jpg"},"sameAs":["http:\/\/erikemiranda.com","erikemiranda"]}]}},"_links":{"self":[{"href":"https:\/\/erikemiranda.com\/pt\/wp-json\/wp\/v2\/pages\/3063","targetHints":{"allow":["GET"]}}],"collection":[{"href":"https:\/\/erikemiranda.com\/pt\/wp-json\/wp\/v2\/pages"}],"about":[{"href":"https:\/\/erikemiranda.com\/pt\/wp-json\/wp\/v2\/types\/page"}],"author":[{"embeddable":true,"href":"https:\/\/erikemiranda.com\/pt\/wp-json\/wp\/v2\/users\/2"}],"replies":[{"embeddable":true,"href":"https:\/\/erikemiranda.com\/pt\/wp-json\/wp\/v2\/comments?post=3063"}],"version-history":[{"count":11,"href":"https:\/\/erikemiranda.com\/pt\/wp-json\/wp\/v2\/pages\/3063\/revisions"}],"predecessor-version":[{"id":8260,"href":"https:\/\/erikemiranda.com\/pt\/wp-json\/wp\/v2\/pages\/3063\/revisions\/8260"}],"wp:attachment":[{"href":"https:\/\/erikemiranda.com\/pt\/wp-json\/wp\/v2\/media?parent=3063"}],"curies":[{"name":"wp","href":"https:\/\/api.w.org\/{rel}","templated":true}]}}