{"id":247,"date":"2021-07-14T12:33:30","date_gmt":"2021-07-14T12:33:30","guid":{"rendered":"https:\/\/wp.vlthemes.me\/archee\/?page_id=247"},"modified":"2023-12-10T14:24:42","modified_gmt":"2023-12-10T14:24:42","slug":"contact","status":"publish","type":"page","link":"https:\/\/erikemiranda.com\/pt\/contact\/","title":{"rendered":"Contato"},"content":{"rendered":"<div data-elementor-type=\"wp-page\" data-elementor-id=\"247\" class=\"elementor elementor-247\">\n\t\t\t\t\t\t<section data-img-position=\"\" class=\"elementor-section elementor-top-section elementor-element elementor-element-5730e65 has-vertical-lines elementor-section-boxed elementor-section-height-default elementor-section-height-default\" data-id=\"5730e65\" data-element_type=\"section\" data-settings=\"{&quot;aos_animation_name&quot;:&quot;none&quot;}\">\n\t\t\t\t\t\t<div class=\"elementor-container elementor-column-gap-extended\">\n\t\t\t\t\t<div data-img-position=\"\" class=\"elementor-column elementor-col-50 elementor-top-column elementor-element elementor-element-2bac475\" data-id=\"2bac475\" data-element_type=\"column\" data-settings=\"{&quot;aos_animation_name&quot;:&quot;none&quot;}\">\n\t\t\t<div class=\"elementor-widget-wrap elementor-element-populated\">\n\t\t\t\t\t\t<div data-aos=\"custom\" data-aos-once=\"true\" class=\"elementor-element elementor-element-066391e elementor-widget__width-initial elementor-widget elementor-widget-vlt-section-title\" data-id=\"066391e\" data-element_type=\"widget\" data-settings=\"{&quot;aos_animation_name&quot;:&quot;custom&quot;}\" data-widget_type=\"vlt-section-title.default\">\n\t\t\t\t<div class=\"elementor-widget-container\">\n\t\t\t\n\t\t<div class=\"vlt-section-title\">\n\n\t\t\t\n\t\t\t\n\t\t\t\t<h1 class=\"vlt-section-title__heading h2\">\n\n\t\t\t\t\t\n\t\t\t\t\tContato\n\t\t\t\t\t\n\t\t\t\t<\/h1>\n\n\t\t\t\n\t\t\t\t\t\t\t<p class=\"vlt-section-title__description\">O contato \u00e9 prefer\u00edvel pelo Telegram ou via mensagens diretas no Instagram, mas sinta-se livre para usar o seguinte formul\u00e1rio.<\/p>\n\t\t\t\n\t\t<\/div>\n\n\t\t\t<\/div>\n\t\t\t\t<\/div>\n\t\t\t\t<div class=\"elementor-element elementor-element-a0150ea elementor-widget elementor-widget-vlt-spacer\" data-id=\"a0150ea\" data-element_type=\"widget\" data-settings=\"{&quot;aos_animation_name&quot;:&quot;none&quot;}\" data-widget_type=\"vlt-spacer.default\">\n\t\t\t\t<div class=\"elementor-widget-container\">\n\t\t\t\n\t\t<div class=\"vlt-spacer\"><\/div>\n\n\t\t\t\t<\/div>\n\t\t\t\t<\/div>\n\t\t\t\t<div data-aos=\"custom\" data-aos-delay=\"100\" data-aos-once=\"true\" class=\"elementor-element elementor-element-eafa9b0 elementor-widget elementor-widget-vlt-heading\" data-id=\"eafa9b0\" data-element_type=\"widget\" data-settings=\"{&quot;aos_animation_name&quot;:&quot;custom&quot;}\" data-widget_type=\"vlt-heading.default\">\n\t\t\t\t<div class=\"elementor-widget-container\">\n\t\t\t\n\t\t<h6 class=\"vlt-heading vlt-display-1\" id=\"link-to-eafa9b0\">\n\n\t\t\t\n\t\t\t\t\t\t\tTELEGRAM\t\t\t\n\t\t\t\n\t\t\t\n\t\t<\/h6>\n\n\t\t\t<\/div>\n\t\t\t\t<\/div>\n\t\t\t\t<div data-aos=\"custom\" data-aos-delay=\"200\" data-aos-once=\"true\" class=\"elementor-element elementor-element-ec32101 elementor-widget elementor-widget-text-editor\" data-id=\"ec32101\" data-element_type=\"widget\" data-settings=\"{&quot;aos_animation_name&quot;:&quot;custom&quot;}\" data-widget_type=\"text-editor.default\">\n\t\t\t\t<div class=\"elementor-widget-container\">\n\t\t\t\t\t\t\t<p><a href=\"https:\/\/t.me\/erikemiranda\">@erikemiranda<\/a><\/p>\t\t\t\t\t\t<\/div>\n\t\t\t\t<\/div>\n\t\t\t\t<div class=\"elementor-element elementor-element-3290800 elementor-widget elementor-widget-vlt-spacer\" data-id=\"3290800\" data-element_type=\"widget\" data-settings=\"{&quot;aos_animation_name&quot;:&quot;none&quot;}\" data-widget_type=\"vlt-spacer.default\">\n\t\t\t\t<div class=\"elementor-widget-container\">\n\t\t\t\n\t\t<div class=\"vlt-spacer\"><\/div>\n\n\t\t\t\t<\/div>\n\t\t\t\t<\/div>\n\t\t\t\t<div data-aos=\"custom\" data-aos-delay=\"200\" data-aos-once=\"true\" class=\"elementor-element elementor-element-78aac32 elementor-widget elementor-widget-vlt-heading\" data-id=\"78aac32\" data-element_type=\"widget\" data-settings=\"{&quot;aos_animation_name&quot;:&quot;custom&quot;}\" data-widget_type=\"vlt-heading.default\">\n\t\t\t\t<div class=\"elementor-widget-container\">\n\t\t\t\n\t\t<h6 class=\"vlt-heading vlt-display-1\" id=\"link-to-78aac32\">\n\n\t\t\t\n\t\t\t\t\t\t\tWhatSapp\t\t\t\n\t\t\t\n\t\t\t\n\t\t<\/h6>\n\n\t\t\t<\/div>\n\t\t\t\t<\/div>\n\t\t\t\t<div class=\"elementor-element elementor-element-7091d2b elementor-widget elementor-widget-vlt-spacer\" data-id=\"7091d2b\" data-element_type=\"widget\" data-settings=\"{&quot;aos_animation_name&quot;:&quot;none&quot;}\" data-widget_type=\"vlt-spacer.default\">\n\t\t\t\t<div class=\"elementor-widget-container\">\n\t\t\t\n\t\t<div class=\"vlt-spacer\"><\/div>\n\n\t\t\t\t<\/div>\n\t\t\t\t<\/div>\n\t\t\t\t<div data-aos=\"custom\" data-aos-delay=\"200\" data-aos-once=\"true\" class=\"elementor-element elementor-element-5313887 elementor-widget elementor-widget-text-editor\" data-id=\"5313887\" data-element_type=\"widget\" data-settings=\"{&quot;aos_animation_name&quot;:&quot;custom&quot;}\" data-widget_type=\"text-editor.default\">\n\t\t\t\t<div class=\"elementor-widget-container\">\n\t\t\t\t\t\t\t<p><a href=\"https:\/\/wa.me\/5521983281260\">+55 21 98328-1260<\/a><\/p>\t\t\t\t\t\t<\/div>\n\t\t\t\t<\/div>\n\t\t\t\t<div data-aos=\"custom\" data-aos-delay=\"300\" data-aos-once=\"true\" class=\"elementor-element elementor-element-c112bd7 elementor-widget elementor-widget-vlt-heading\" data-id=\"c112bd7\" data-element_type=\"widget\" data-settings=\"{&quot;aos_animation_name&quot;:&quot;custom&quot;}\" data-widget_type=\"vlt-heading.default\">\n\t\t\t\t<div class=\"elementor-widget-container\">\n\t\t\t\n\t\t<h6 class=\"vlt-heading vlt-display-1\" id=\"link-to-c112bd7\">\n\n\t\t\t\n\t\t\t\t\t\t\tE-mail\t\t\t\n\t\t\t\n\t\t\t\n\t\t<\/h6>\n\n\t\t\t<\/div>\n\t\t\t\t<\/div>\n\t\t\t\t<div class=\"elementor-element elementor-element-c4e5a4a elementor-widget elementor-widget-vlt-spacer\" data-id=\"c4e5a4a\" data-element_type=\"widget\" data-settings=\"{&quot;aos_animation_name&quot;:&quot;none&quot;}\" data-widget_type=\"vlt-spacer.default\">\n\t\t\t\t<div class=\"elementor-widget-container\">\n\t\t\t\n\t\t<div class=\"vlt-spacer\"><\/div>\n\n\t\t\t\t<\/div>\n\t\t\t\t<\/div>\n\t\t\t\t<div data-aos=\"custom\" data-aos-delay=\"300\" data-aos-once=\"true\" class=\"elementor-element elementor-element-7a5af83 elementor-widget elementor-widget-text-editor\" data-id=\"7a5af83\" data-element_type=\"widget\" data-settings=\"{&quot;aos_animation_name&quot;:&quot;custom&quot;}\" data-widget_type=\"text-editor.default\">\n\t\t\t\t<div class=\"elementor-widget-container\">\n\t\t\t\t\t\t\t<p><a href=\"mailto:erikemiranda@gmail.com\">erikemiranda@gmail.com<\/a><\/p>\t\t\t\t\t\t<\/div>\n\t\t\t\t<\/div>\n\t\t\t\t<div data-aos=\"custom\" data-aos-delay=\"300\" data-aos-once=\"true\" class=\"elementor-element elementor-element-f4f1f95 elementor-widget elementor-widget-vlt-heading\" data-id=\"f4f1f95\" data-element_type=\"widget\" data-settings=\"{&quot;aos_animation_name&quot;:&quot;custom&quot;}\" data-widget_type=\"vlt-heading.default\">\n\t\t\t\t<div class=\"elementor-widget-container\">\n\t\t\t\n\t\t<h6 class=\"vlt-heading vlt-display-1\" id=\"link-to-f4f1f95\">\n\n\t\t\t\n\t\t\t\t\t\t\tInstagram\t\t\t\n\t\t\t\n\t\t\t\n\t\t<\/h6>\n\n\t\t\t<\/div>\n\t\t\t\t<\/div>\n\t\t\t\t<div class=\"elementor-element elementor-element-9b783db elementor-widget elementor-widget-vlt-spacer\" data-id=\"9b783db\" data-element_type=\"widget\" data-settings=\"{&quot;aos_animation_name&quot;:&quot;none&quot;}\" data-widget_type=\"vlt-spacer.default\">\n\t\t\t\t<div class=\"elementor-widget-container\">\n\t\t\t\n\t\t<div class=\"vlt-spacer\"><\/div>\n\n\t\t\t\t<\/div>\n\t\t\t\t<\/div>\n\t\t\t\t<div data-aos=\"custom\" data-aos-delay=\"300\" data-aos-once=\"true\" class=\"elementor-element elementor-element-5977818 elementor-widget elementor-widget-text-editor\" data-id=\"5977818\" data-element_type=\"widget\" data-settings=\"{&quot;aos_animation_name&quot;:&quot;custom&quot;}\" data-widget_type=\"text-editor.default\">\n\t\t\t\t<div class=\"elementor-widget-container\">\n\t\t\t\t\t\t\t<p><a href=\"https:\/\/www.instagram.com\/erikemiranda\/\">@erikemiranda<\/a><\/p>\t\t\t\t\t\t<\/div>\n\t\t\t\t<\/div>\n\t\t\t\t\t<\/div>\n\t\t<\/div>\n\t\t\t\t<div data-img-position=\"\" class=\"elementor-column elementor-col-50 elementor-top-column elementor-element elementor-element-dc93bf4\" data-id=\"dc93bf4\" data-element_type=\"column\" data-settings=\"{&quot;aos_animation_name&quot;:&quot;none&quot;}\">\n\t\t\t<div class=\"elementor-widget-wrap elementor-element-populated\">\n\t\t\t\t\t\t<div data-aos=\"custom\" data-aos-delay=\"400\" data-aos-once=\"true\" class=\"elementor-element elementor-element-2fa7540 elementor-widget elementor-widget-vlt-contact-form-7\" data-id=\"2fa7540\" data-element_type=\"widget\" data-settings=\"{&quot;aos_animation_name&quot;:&quot;custom&quot;}\" data-widget_type=\"vlt-contact-form-7.default\">\n\t\t\t\t<div class=\"elementor-widget-container\">\n\t\t\t\n\t\t<div class=\"vlt-contact-form-7\">\n\n\t\t\t\n<div class=\"wpcf7 no-js\" id=\"wpcf7-f264-o1\" lang=\"en-US\" dir=\"ltr\">\n<div class=\"screen-reader-response\"><p role=\"status\" aria-live=\"polite\" aria-atomic=\"true\"><\/p> <ul><\/ul><\/div>\n<form action=\"\/pt\/wp-json\/wp\/v2\/pages\/247#wpcf7-f264-o1\" method=\"post\" class=\"wpcf7-form init\" aria-label=\"Contact form\" novalidate=\"novalidate\" data-status=\"init\" data-trp-original-action=\"\/pt\/wp-json\/wp\/v2\/pages\/247#wpcf7-f264-o1\">\n<div style=\"display: none;\">\n<input type=\"hidden\" name=\"_wpcf7\" value=\"264\" \/>\n<input type=\"hidden\" name=\"_wpcf7_version\" value=\"5.8.4\" \/>\n<input type=\"hidden\" name=\"_wpcf7_locale\" value=\"en_US\" \/>\n<input type=\"hidden\" name=\"_wpcf7_unit_tag\" value=\"wpcf7-f264-o1\" \/>\n<input type=\"hidden\" name=\"_wpcf7_container_post\" value=\"0\" \/>\n<input type=\"hidden\" name=\"_wpcf7_posted_data_hash\" value=\"\" \/>\n<\/div>\n<div class=\"vlt-form-group\">\n  <span class=\"wpcf7-form-control-wrap\" data-name=\"your-name\"><input size=\"40\" class=\"wpcf7-form-control wpcf7-text wpcf7-validates-as-required vlt-form-control\" aria-required=\"true\" aria-invalid=\"false\" placeholder=\"O seu nome*\" value=\"\" type=\"text\" name=\"your-name\" \/><\/span>\n<\/div>\n<div class=\"vlt-form-group\">\n  <span class=\"wpcf7-form-control-wrap\" data-name=\"your-email\"><input size=\"40\" class=\"wpcf7-form-control wpcf7-email wpcf7-validates-as-required wpcf7-text wpcf7-validates-as-email vlt-form-control\" aria-required=\"true\" aria-invalid=\"false\" placeholder=\"O seu email*\" value=\"\" type=\"email\" name=\"your-email\" \/><\/span>\n<\/div>\n<div class=\"vlt-form-group\">\n  <span class=\"wpcf7-form-control-wrap\" data-name=\"subject\"><input size=\"40\" class=\"wpcf7-form-control wpcf7-text wpcf7-validates-as-required vlt-form-control\" aria-required=\"true\" aria-invalid=\"false\" placeholder=\"Assunto*\" value=\"\" type=\"text\" name=\"subject\" \/><\/span>\n<\/div>\n<div class=\"vlt-form-group\">\n  <span class=\"wpcf7-form-control-wrap\" data-name=\"your-message\"><textarea cols=\"40\" rows=\"5\" class=\"wpcf7-form-control wpcf7-textarea vlt-form-control\" aria-invalid=\"false\" placeholder=\"A sua mensagem\" name=\"your-message\"><\/textarea><\/span>\n<\/div>\n\n<div class=\"cf7-cf-turnstile\" style=\"margin-top: 0px; margin-bottom: -15px;\"> <div id=\"cf-turnstile-cf7-129721068\" class=\"cf-turnstile\" data-sitekey=\"0x4AAAAAABCu9qW-DF_gEUa7\" data-theme=\"dark\" data-language=\"auto\" data-size=\"normal\" data-retry=\"auto\" data-retry-interval=\"1000\" data-action=\"contact-form-7\" data-appearance=\"always\"><\/div> <script>document.addEventListener(\"DOMContentLoaded\", function() { setTimeout(function(){ var e=document.getElementById(\"cf-turnstile-cf7-129721068\"); e&&!e.innerHTML.trim()&&(turnstile.remove(\"#cf-turnstile-cf7-129721068\"), turnstile.render(\"#cf-turnstile-cf7-129721068\", {sitekey:\"0x4AAAAAABCu9qW-DF_gEUa7\"})); }, 0); });<\/script> <br class=\"cf-turnstile-br cf-turnstile-br-cf7-129721068\"> <style>#cf-turnstile-cf7-129721068 { margin-left: -15px; }<\/style> <script>document.addEventListener(\"DOMContentLoaded\",function(){document.querySelectorAll('.wpcf7-form').forEach(function(e){e.addEventListener('submit',function(){if(document.getElementById('cf-turnstile-cf7-129721068')){setTimeout(function(){turnstile.reset('#cf-turnstile-cf7-129721068');},1000)}})})});<\/script> <\/div>\n\n<div class=\"text-start\" style=\"margin-top: 2.5rem;\">\n  <button class=\"vlt-btn vlt-btn--primary vlt-btn--effect\">Enviar mensagem<\/button>\n<\/div><div class=\"wpcf7-response-output\" aria-hidden=\"true\"><\/div>\n<input type=\"hidden\" name=\"trp-form-language\" value=\"pt\"\/><\/form>\n<\/div>\n\n\t\t<\/div>\n\n\t\t\t\t<\/div>\n\t\t\t\t<\/div>\n\t\t\t\t\t<\/div>\n\t\t<\/div>\n\t\t\t\t\t<\/div>\n\t\t<\/section>\n\t\t\t\t<section data-img-position=\"\" class=\"elementor-section elementor-top-section elementor-element elementor-element-b5b94d2 elementor-section-full_width elementor-section-height-default elementor-section-height-default\" data-id=\"b5b94d2\" data-element_type=\"section\" data-settings=\"{&quot;background_background&quot;:&quot;classic&quot;,&quot;aos_animation_name&quot;:&quot;none&quot;}\">\n\t\t\t\t\t\t<div class=\"elementor-container elementor-column-gap-no\">\n\t\t\t\t\t<div data-img-position=\"\" class=\"elementor-column elementor-col-100 elementor-top-column elementor-element elementor-element-59d9f16\" data-id=\"59d9f16\" data-element_type=\"column\" data-settings=\"{&quot;aos_animation_name&quot;:&quot;none&quot;}\">\n\t\t\t<div class=\"elementor-widget-wrap elementor-element-populated\">\n\t\t\t\t\t\t<div class=\"elementor-element elementor-element-e65db41 elementor-widget elementor-widget-visual-portfolio\" data-id=\"e65db41\" data-element_type=\"widget\" data-settings=\"{&quot;aos_animation_name&quot;:&quot;none&quot;}\" data-widget_type=\"visual-portfolio.default\">\n\t\t\t\t<div class=\"elementor-widget-container\">\n\t\t\t        <div\n                    >\n                                        <div class=\"vp-portfolio vp-uid-c709f515 vp-id-53  vp-portfolio-not-found\">\n                \n<p class=\"vlt-alert\">\n\tNenhum item foi encontrado correspondentes \u00e0 sua sele\u00e7\u00e3o.<\/p>\n            <\/div>\n                                <\/div>\n        \t\t<\/div>\n\t\t\t\t<\/div>\n\t\t\t\t\t<\/div>\n\t\t<\/div>\n\t\t\t\t\t<\/div>\n\t\t<\/section>\n\t\t\t\t<\/div>","protected":false},"excerpt":{"rendered":"<p>Contact me Contact is preferable on Telegram or Instagram direct messages, but feel free to use the following form. TELEGRAM @erikemiranda WhatSapp +55 21 98328-1260 E-mail erikemiranda@gmail.com Instagram @erikemiranda Send message<\/p>","protected":false},"author":2,"featured_media":0,"parent":0,"menu_order":55,"comment_status":"closed","ping_status":"closed","template":"template-custom-page.php","meta":{"_vp_format_video_url":"","_vp_image_focal_point":[],"footnotes":""},"class_list":["post-247","page","type-page","status-publish","hentry"],"acf":[],"yoast_head":"<!-- This site is optimized with the Yoast SEO plugin v27.4 - https:\/\/yoast.com\/product\/yoast-seo-wordpress\/ -->\n<title>Contact - Erike Miranda<\/title>\n<meta name=\"description\" content=\"Explore Erike Miranda&#039;s hauntingly beautiful dark art on his official website. Discover intricate details and eerie themes featuring macabre creatures and landscapes. Immerse yourself in Miranda&#039;s mysterious and unique style. Visit the website now to delve into the dark art universe.\" \/>\n<meta name=\"robots\" content=\"index, follow, max-snippet:-1, max-image-preview:large, max-video-preview:-1\" \/>\n<link rel=\"canonical\" href=\"https:\/\/erikemiranda.com\/pt\/contact\/\" \/>\n<meta property=\"og:locale\" content=\"pt_BR\" \/>\n<meta property=\"og:type\" content=\"article\" \/>\n<meta property=\"og:title\" content=\"Contact - Erike Miranda\" \/>\n<meta property=\"og:description\" content=\"Explore Erike Miranda&#039;s hauntingly beautiful dark art on his official website. Discover intricate details and eerie themes featuring macabre creatures and landscapes. Immerse yourself in Miranda&#039;s mysterious and unique style. Visit the website now to delve into the dark art universe.\" \/>\n<meta property=\"og:url\" content=\"https:\/\/erikemiranda.com\/pt\/contact\/\" \/>\n<meta property=\"og:site_name\" content=\"Erike Miranda\" \/>\n<meta property=\"article:publisher\" content=\"erikemiranda\" \/>\n<meta property=\"article:modified_time\" content=\"2023-12-10T14:24:42+00:00\" \/>\n<meta name=\"twitter:card\" content=\"summary_large_image\" \/>\n<meta name=\"twitter:label1\" content=\"Est. tempo de leitura\" \/>\n\t<meta name=\"twitter:data1\" content=\"1 minuto\" \/>\n<script type=\"application\/ld+json\" class=\"yoast-schema-graph\">{\"@context\":\"https:\\\/\\\/schema.org\",\"@graph\":[{\"@type\":\"WebPage\",\"@id\":\"https:\\\/\\\/erikemiranda.com\\\/contact\\\/\",\"url\":\"https:\\\/\\\/erikemiranda.com\\\/contact\\\/\",\"name\":\"Contact - Erike Miranda\",\"isPartOf\":{\"@id\":\"https:\\\/\\\/erikemiranda.com\\\/#website\"},\"datePublished\":\"2021-07-14T12:33:30+00:00\",\"dateModified\":\"2023-12-10T14:24:42+00:00\",\"description\":\"Explore Erike Miranda's hauntingly beautiful dark art on his official website. Discover intricate details and eerie themes featuring macabre creatures and landscapes. Immerse yourself in Miranda's mysterious and unique style. Visit the website now to delve into the dark art universe.\",\"breadcrumb\":{\"@id\":\"https:\\\/\\\/erikemiranda.com\\\/contact\\\/#breadcrumb\"},\"inLanguage\":\"pt-BR\",\"potentialAction\":[{\"@type\":\"ReadAction\",\"target\":[\"https:\\\/\\\/erikemiranda.com\\\/contact\\\/\"]}]},{\"@type\":\"BreadcrumbList\",\"@id\":\"https:\\\/\\\/erikemiranda.com\\\/contact\\\/#breadcrumb\",\"itemListElement\":[{\"@type\":\"ListItem\",\"position\":1,\"name\":\"Home\",\"item\":\"https:\\\/\\\/erikemiranda.com\\\/\"},{\"@type\":\"ListItem\",\"position\":2,\"name\":\"Contact\"}]},{\"@type\":\"WebSite\",\"@id\":\"https:\\\/\\\/erikemiranda.com\\\/#website\",\"url\":\"https:\\\/\\\/erikemiranda.com\\\/\",\"name\":\"Erike Miranda\",\"description\":\"\",\"publisher\":{\"@id\":\"https:\\\/\\\/erikemiranda.com\\\/#\\\/schema\\\/person\\\/a75b6290c8efb2a8a6067f7feabd97d5\"},\"potentialAction\":[{\"@type\":\"SearchAction\",\"target\":{\"@type\":\"EntryPoint\",\"urlTemplate\":\"https:\\\/\\\/erikemiranda.com\\\/?s={search_term_string}\"},\"query-input\":{\"@type\":\"PropertyValueSpecification\",\"valueRequired\":true,\"valueName\":\"search_term_string\"}}],\"inLanguage\":\"pt-BR\"},{\"@type\":[\"Person\",\"Organization\"],\"@id\":\"https:\\\/\\\/erikemiranda.com\\\/#\\\/schema\\\/person\\\/a75b6290c8efb2a8a6067f7feabd97d5\",\"name\":\"Erike Miranda\",\"image\":{\"@type\":\"ImageObject\",\"inLanguage\":\"pt-BR\",\"@id\":\"https:\\\/\\\/erikemiranda.com\\\/wp-content\\\/uploads\\\/2023\\\/12\\\/White_.jpg\",\"url\":\"https:\\\/\\\/erikemiranda.com\\\/wp-content\\\/uploads\\\/2023\\\/12\\\/White_.jpg\",\"contentUrl\":\"https:\\\/\\\/erikemiranda.com\\\/wp-content\\\/uploads\\\/2023\\\/12\\\/White_.jpg\",\"width\":1000,\"height\":1000,\"caption\":\"Erike Miranda\"},\"logo\":{\"@id\":\"https:\\\/\\\/erikemiranda.com\\\/wp-content\\\/uploads\\\/2023\\\/12\\\/White_.jpg\"},\"sameAs\":[\"http:\\\/\\\/erikemiranda.com\",\"erikemiranda\"]}]}<\/script>\n<!-- \/ Yoast SEO plugin. -->","yoast_head_json":{"title":"Contact - Erike Miranda","description":"Explore Erike Miranda's hauntingly beautiful dark art on his official website. Discover intricate details and eerie themes featuring macabre creatures and landscapes. Immerse yourself in Miranda's mysterious and unique style. Visit the website now to delve into the dark art universe.","robots":{"index":"index","follow":"follow","max-snippet":"max-snippet:-1","max-image-preview":"max-image-preview:large","max-video-preview":"max-video-preview:-1"},"canonical":"https:\/\/erikemiranda.com\/pt\/contact\/","og_locale":"pt_BR","og_type":"article","og_title":"Contact - Erike Miranda","og_description":"Explore Erike Miranda's hauntingly beautiful dark art on his official website. Discover intricate details and eerie themes featuring macabre creatures and landscapes. Immerse yourself in Miranda's mysterious and unique style. Visit the website now to delve into the dark art universe.","og_url":"https:\/\/erikemiranda.com\/pt\/contact\/","og_site_name":"Erike Miranda","article_publisher":"erikemiranda","article_modified_time":"2023-12-10T14:24:42+00:00","twitter_card":"summary_large_image","twitter_misc":{"Est. tempo de leitura":"1 minuto"},"schema":{"@context":"https:\/\/schema.org","@graph":[{"@type":"WebPage","@id":"https:\/\/erikemiranda.com\/contact\/","url":"https:\/\/erikemiranda.com\/contact\/","name":"Contact - Erike Miranda","isPartOf":{"@id":"https:\/\/erikemiranda.com\/#website"},"datePublished":"2021-07-14T12:33:30+00:00","dateModified":"2023-12-10T14:24:42+00:00","description":"Explore Erike Miranda's hauntingly beautiful dark art on his official website. Discover intricate details and eerie themes featuring macabre creatures and landscapes. Immerse yourself in Miranda's mysterious and unique style. Visit the website now to delve into the dark art universe.","breadcrumb":{"@id":"https:\/\/erikemiranda.com\/contact\/#breadcrumb"},"inLanguage":"pt-BR","potentialAction":[{"@type":"ReadAction","target":["https:\/\/erikemiranda.com\/contact\/"]}]},{"@type":"BreadcrumbList","@id":"https:\/\/erikemiranda.com\/contact\/#breadcrumb","itemListElement":[{"@type":"ListItem","position":1,"name":"Home","item":"https:\/\/erikemiranda.com\/"},{"@type":"ListItem","position":2,"name":"Contact"}]},{"@type":"WebSite","@id":"https:\/\/erikemiranda.com\/#website","url":"https:\/\/erikemiranda.com\/","name":"Erike Miranda","description":"","publisher":{"@id":"https:\/\/erikemiranda.com\/#\/schema\/person\/a75b6290c8efb2a8a6067f7feabd97d5"},"potentialAction":[{"@type":"SearchAction","target":{"@type":"EntryPoint","urlTemplate":"https:\/\/erikemiranda.com\/?s={search_term_string}"},"query-input":{"@type":"PropertyValueSpecification","valueRequired":true,"valueName":"search_term_string"}}],"inLanguage":"pt-BR"},{"@type":["Person","Organization"],"@id":"https:\/\/erikemiranda.com\/#\/schema\/person\/a75b6290c8efb2a8a6067f7feabd97d5","name":"Erike Miranda","image":{"@type":"ImageObject","inLanguage":"pt-BR","@id":"https:\/\/erikemiranda.com\/wp-content\/uploads\/2023\/12\/White_.jpg","url":"https:\/\/erikemiranda.com\/wp-content\/uploads\/2023\/12\/White_.jpg","contentUrl":"https:\/\/erikemiranda.com\/wp-content\/uploads\/2023\/12\/White_.jpg","width":1000,"height":1000,"caption":"Erike Miranda"},"logo":{"@id":"https:\/\/erikemiranda.com\/wp-content\/uploads\/2023\/12\/White_.jpg"},"sameAs":["http:\/\/erikemiranda.com","erikemiranda"]}]}},"_links":{"self":[{"href":"https:\/\/erikemiranda.com\/pt\/wp-json\/wp\/v2\/pages\/247","targetHints":{"allow":["GET"]}}],"collection":[{"href":"https:\/\/erikemiranda.com\/pt\/wp-json\/wp\/v2\/pages"}],"about":[{"href":"https:\/\/erikemiranda.com\/pt\/wp-json\/wp\/v2\/types\/page"}],"author":[{"embeddable":true,"href":"https:\/\/erikemiranda.com\/pt\/wp-json\/wp\/v2\/users\/2"}],"replies":[{"embeddable":true,"href":"https:\/\/erikemiranda.com\/pt\/wp-json\/wp\/v2\/comments?post=247"}],"version-history":[{"count":15,"href":"https:\/\/erikemiranda.com\/pt\/wp-json\/wp\/v2\/pages\/247\/revisions"}],"predecessor-version":[{"id":7423,"href":"https:\/\/erikemiranda.com\/pt\/wp-json\/wp\/v2\/pages\/247\/revisions\/7423"}],"wp:attachment":[{"href":"https:\/\/erikemiranda.com\/pt\/wp-json\/wp\/v2\/media?parent=247"}],"curies":[{"name":"wp","href":"https:\/\/api.w.org\/{rel}","templated":true}]}}